{"id":1240,"date":"2025-03-21T21:09:12","date_gmt":"2025-03-21T21:09:12","guid":{"rendered":"http:\/\/e-uaem.mx\/portal02\/?page_id=1240"},"modified":"2025-10-20T18:34:25","modified_gmt":"2025-10-20T18:34:25","slug":"tutoriales","status":"publish","type":"page","link":"https:\/\/e-uaem.mx\/portal02\/index.php\/tutoriales\/","title":{"rendered":"Tutoriales"},"content":{"rendered":"\t\t<div data-elementor-type=\"wp-page\" data-elementor-id=\"1240\" class=\"elementor elementor-1240\">\n\t\t\t\t<div class=\"elementor-element elementor-element-5c2a1047 e-flex e-con-boxed e-con e-parent\" data-id=\"5c2a1047\" data-element_type=\"container\">\n\t\t\t\t\t<div class=\"e-con-inner\">\n\t\t\t\t<div class=\"elementor-element elementor-element-78bdf9fa elementor-widget elementor-widget-text-editor\" data-id=\"78bdf9fa\" data-element_type=\"widget\" data-widget_type=\"text-editor.default\">\n\t\t\t\t<div class=\"elementor-widget-container\">\n\t\t\t\t\t\t\t\t\t<div stile=\"font-size:2rem;\">\n<p >En este espacio encontrar\u00e1s diferentes tutoriales que explican el proceso de administraci\u00f3n de una unidad de aprendizaje si tu funci\u00f3n es ser una persona formadora.<\/p>\n<!-- \/wp:paragraph -->\n\n\n<p>Tambi\u00e9n est\u00e1n disponibles algunos tutoriales dirigidos a estudiantes pasos a detalle que pueden servir para aclarar dudas de ciertas acciones que deben realizar en su aula virtual.<\/p>\n<!-- \/wp:paragraph -->\n\n\n<p >Por \u00faltimo, se encuentran tutoriales para la gesti\u00f3n de espacios f\u00edsicos y virtuales que oferce e-UAEM as\u00ed como de los formatos a utilizar.<\/p>\n<!-- \/wp:paragraph -->\n<\/div>\n<!-- wp:magazine-blocks\/section {\"clientId\":\"ba0d8870\",\"columns\":1} -->\n<div class=\"mzb-section mzb-section-ba0d8870\">\n<div class=\"mzb-container\">\n<div class=\"mzb-section-inner\"><!-- wp:magazine-blocks\/column {\"clientId\":\"cda89b1b\",\"colWidth\":{\"desktop\":100,\"tablet\":100,\"mobile\":100}} -->\n<div class=\"mzb-column mzb-column-cda89b1b\">\n<div class=\"mzb-column-inner\">\u00a0<\/div>\n<\/div>\n<!-- \/wp:magazine-blocks\/column --><\/div>\n<\/div>\n<\/div>\n<!-- \/wp:magazine-blocks\/section -->\t\t\t\t\t\t\t\t<\/div>\n\t\t\t\t<\/div>\n\t\t\t\t\t<\/div>\n\t\t\t\t<\/div>\n\t\t<div class=\"elementor-element elementor-element-1c586a9 e-flex e-con-boxed e-con e-parent\" data-id=\"1c586a9\" data-element_type=\"container\">\n\t\t\t\t\t<div class=\"e-con-inner\">\n\t\t\t\t\t<\/div>\n\t\t\t\t<\/div>\n\t\t<div class=\"elementor-element elementor-element-9ae8d36 e-flex e-con-boxed e-con e-parent\" data-id=\"9ae8d36\" data-element_type=\"container\">\n\t\t\t\t\t<div class=\"e-con-inner\">\n\t\t\t\t<div class=\"elementor-element elementor-element-2f0761c e-n-tabs-mobile elementor-widget elementor-widget-n-tabs\" data-id=\"2f0761c\" data-element_type=\"widget\" data-settings=\"{&quot;horizontal_scroll&quot;:&quot;disable&quot;}\" data-widget_type=\"nested-tabs.default\">\n\t\t\t\t<div class=\"elementor-widget-container\">\n\t\t\t\t\t\t\t<div class=\"e-n-tabs\" data-widget-number=\"49313308\" aria-label=\"Pesta\u00f1as. Abre elementos con Intro o Espacio, ci\u00e9rralos con Escape y navega con las fechas.\">\n\t\t\t<div class=\"e-n-tabs-heading\" role=\"tablist\">\n\t\t\t\t\t<button id=\"e-n-tab-title-493133081\" class=\"e-n-tab-title\" aria-selected=\"true\" data-tab-index=\"1\" role=\"tab\" tabindex=\"0\" aria-controls=\"e-n-tab-content-493133081\" style=\"--n-tabs-title-order: 1;\">\n\t\t\t\t\t\t<span class=\"e-n-tab-title-text\">\n\t\t\t\tDocentes\t\t\t<\/span>\n\t\t<\/button>\n\t\t\t\t<button id=\"e-n-tab-title-493133082\" class=\"e-n-tab-title\" aria-selected=\"false\" data-tab-index=\"2\" role=\"tab\" tabindex=\"-1\" aria-controls=\"e-n-tab-content-493133082\" style=\"--n-tabs-title-order: 2;\">\n\t\t\t\t\t\t<span class=\"e-n-tab-title-text\">\n\t\t\t\tEstudiantes\t\t\t<\/span>\n\t\t<\/button>\n\t\t\t\t<button id=\"e-n-tab-title-493133083\" class=\"e-n-tab-title\" aria-selected=\"false\" data-tab-index=\"3\" role=\"tab\" tabindex=\"-1\" aria-controls=\"e-n-tab-content-493133083\" style=\"--n-tabs-title-order: 3;\">\n\t\t\t\t\t\t<span class=\"e-n-tab-title-text\">\n\t\t\t\tMontaje\t\t\t<\/span>\n\t\t<\/button>\n\t\t\t\t<button id=\"e-n-tab-title-493133084\" class=\"e-n-tab-title\" aria-selected=\"false\" data-tab-index=\"4\" role=\"tab\" tabindex=\"-1\" aria-controls=\"e-n-tab-content-493133084\" style=\"--n-tabs-title-order: 4;\">\n\t\t\t\t\t\t<span class=\"e-n-tab-title-text\">\n\t\t\t\tTransmisiones en vivo\t\t\t<\/span>\n\t\t<\/button>\n\t\t\t\t\t<\/div>\n\t\t\t<div class=\"e-n-tabs-content\">\n\t\t\t\t<div id=\"e-n-tab-content-493133081\" role=\"tabpanel\" aria-labelledby=\"e-n-tab-title-493133081\" data-tab-index=\"1\" style=\"--n-tabs-title-order: 1;\" class=\"e-active elementor-element elementor-element-41beea0 e-con-full e-flex e-con e-child\" data-id=\"41beea0\" data-element_type=\"container\">\n\t\t\t\t<div class=\"elementor-element elementor-element-98bfc7a elementor-widget elementor-widget-text-editor\" data-id=\"98bfc7a\" data-element_type=\"widget\" data-widget_type=\"text-editor.default\">\n\t\t\t\t<div class=\"elementor-widget-container\">\n\t\t\t\t\t\t\t\t\t<div>\n<p style=\"font-size: 2rem !important;\"><a href=\"https:\/\/docs.google.com\/presentation\/d\/e\/2PACX-1vTdISxTg2vhRP5hng81JQNyZGsQrllsBjjjpuLfUP3iiDsNd0M3_Cndhj8Yw5nyDqg7P_QK7aolnQBC\/pub?start=false&amp;loop=false&amp;delayms=5000\" target=\"_blank\" rel=\"noopener\">Tutorial 01 \u00bfC\u00f3mo mostrar u ocultar elementos de bloque o semana?<\/a>\u00a0<\/p>\n<p style=\"font-size: 2rem !important;\"><a href=\"https:\/\/docs.google.com\/presentation\/d\/e\/2PACX-1vSSQDf_YB5KhWSIr4EKVgVNh3mcWFAcsXPjaQ0KeeFX_1h_tJ4RJPXYijCv8uJt_P_EYSWiVMyqp5fI\/pub?start=false&amp;loop=false&amp;delayms=5000\" target=\"_blank\" rel=\"noopener\">Tutorial 02 \u00bfC\u00f3mo modificar las fechas de mi aula virtual?<\/a><\/p>\n<p style=\"font-size: 2rem !important;\"><a href=\"https:\/\/docs.google.com\/presentation\/d\/e\/2PACX-1vRXH_bXALaqepu_-GXVJHfpLg--MW1_9iKMOMaCTkjN4dE1pNTzbJD8tDYmo6Ix_sgNrNEkBFkX-LGq\/pub?start=false&amp;loop=false&amp;delayms=5000\" target=\"_blank\" rel=\"noopener\">Tutorial\u00a0<\/a><a href=\"https:\/\/docs.google.com\/presentation\/d\/e\/2PACX-1vRXH_bXALaqepu_-GXVJHfpLg--MW1_9iKMOMaCTkjN4dE1pNTzbJD8tDYmo6Ix_sgNrNEkBFkX-LGq\/pub?start=false&amp;loop=false&amp;delayms=5000\" target=\"_blank\" rel=\"noopener\">03 \u00bfC\u00f3mo agrego y ordeno secciones semanales a mi Unidad Curricular?<\/a>\u00a0<\/p>\n<p style=\"font-size: 2rem !important;\"><a href=\"https:\/\/docs.google.com\/presentation\/d\/e\/2PACX-1vSQ7vUcJabshc3Q8ODbpFDoyoO3DqkquXaSgkuxZK5kON1Q1Kne3uuR3rg4KcNjWnMGB-usVaf-KRYF\/pub?start=false&amp;loop=false&amp;delayms=5000\" target=\"_blank\" rel=\"noopener\">Tutorial 04 \u00bfC\u00f3mo eval\u00fao las actividades de mis estudiantes?<\/a>\u00a0<\/p>\n<p style=\"font-size: 2rem !important;\"><a href=\"https:\/\/docs.google.com\/presentation\/d\/e\/2PACX-1vQqNB3StJAxbZwAUe6EH5bx9nesLRBa6fuycDFl50rDbqwpcMbINf_DcxlTch_HCnWUFllrl_T_PkPH\/pub?start=false&amp;loop=false&amp;delayms=5000\" target=\"_blank\" rel=\"noopener\">Tutorial 05 \u00bfC\u00f3mo reviso el reporte calificador?<\/a>\u00a0<\/p>\n<p style=\"font-size: 2rem !important;\"><a href=\"https:\/\/docs.google.com\/presentation\/d\/e\/2PACX-1vQVuNXftWHVwDIbB2AbgrRIQcmAJxzOFyVjArS12ZctTodqaGqslpfSJfL8b4deJbmhCUdEJBCXwB0Q\/pub?start=false&amp;loop=false&amp;delayms=5000\" target=\"_blank\" rel=\"noopener\">Tutorial 07 \u00bfC\u00f3mo reviso el reporte de actividades de mis estudiantes?<\/a>\u00a0<\/p>\n<p style=\"font-size: 2rem !important;\"><a href=\"https:\/\/docs.google.com\/presentation\/d\/e\/2PACX-1vQwz5d3C-XlFYraGRI3zL_AXJ8-FFHnaY6fGdeW0jCJ5az5F3EzFGST45itPV7nrvXd5qZsEwP_fynQ\/pub?start=false&amp;loop=false&amp;delayms=5000\" target=\"_blank\" rel=\"noopener\">Tutorial 08 \u00bfC\u00f3mo cambiar el rol de asesor editor a estudiante?<\/a>\u00a0<\/p>\n<p style=\"font-size: 2rem !important;\"><a href=\"https:\/\/docs.google.com\/presentation\/d\/e\/2PACX-1vSdD3zb8l3DTs8fKWM4_u5WzynK-4UigAFn2PMsK-gUOCI9LjNm-ZjOwjZ7YFXNbLQCWsPy9jNhoYyl\/pub?start=false&amp;loop=false&amp;delayms=5000\" target=\"_blank\" rel=\"noopener\">Tutorial 09 \u00bfC\u00f3mo otorgar extensi\u00f3n de entrega en una Tarea?<\/a>\u00a0<\/p>\n<p style=\"font-size: 2rem !important;\"><a href=\"https:\/\/docs.google.com\/presentation\/d\/e\/2PACX-1vRpXb0lo3PpNcS9nIT5ssQq33TDLvPYHlUl_nNcd28-i_8Jd-ge0P-w-GMuhptc8nDx3qCXBGPeb08W\/pub?start=false&amp;loop=false&amp;delayms=5000\" target=\"_blank\" rel=\"noopener\">Tutorial 10 \u00bfC\u00f3mo enviar el mismo mensaje privado a m\u00e1s de un usuario en plataforma?<\/a>\u00a0<\/p>\n<p style=\"font-size: 2rem !important;\"><a href=\"https:\/\/docs.google.com\/presentation\/d\/e\/2PACX-1vSsi6ZyDCf5ww6fXSPR-LGQGhdpvlE88QenrhUDO99O1TAhq9NJ0oV1dHfrdpCwUr9zEqOrWgTB-04p\/pub?start=false&amp;loop=false&amp;delayms=5000\" target=\"_blank\" rel=\"noopener\">Tutorial 11 Programar participaciones en foros<\/a>\u00a0<\/p>\n<p style=\"font-size: 2rem !important;\"><a href=\"https:\/\/docs.google.com\/presentation\/d\/e\/2PACX-1vTXjUbf39BnLWyPUlTcdBpbp_Rp-ul_IJv2T2G6brrMdhmsesCfAm5gMoCdkHst-FTOF3IcG3LjU1_-\/pub?start=false&amp;loop=false&amp;delayms=5000\" target=\"_blank\" rel=\"noopener\">Tutorial 15 \u00bfC\u00f3mo eval\u00fao las actividades de los estudiantes desde el calificador? <\/a>\u00a0<\/p>\n<p style=\"font-size: 2rem !important;\"><a href=\"https:\/\/docs.google.com\/presentation\/d\/e\/2PACX-1vS8dcF2zo5XMltax9Qzl2yrWgAL1iJvgeWxCMtEM6Csg3mL2pg6XgMtvBQ20V_1KHG1NUs5BVVUe_pk\/pub?start=false&amp;loop=false&amp;delayms=5000\" target=\"_blank\" rel=\"noopener\">Tutorial 16 \u00bfC\u00f3mo arreglar el calificador?<\/a><\/p>\n<p style=\"font-size: 2rem !important;\"><a href=\"https:\/\/docs.google.com\/presentation\/d\/e\/2PACX-1vS5i8wQLSHd0J6Tw_XfHxDnEW4NNNHVmKkQ8jXqwvV29hfo_Qh-ztxpqkDbpUJHcjNmmvvl2MuEXZio\/pub?start=false&amp;loop=false&amp;delayms=5000\" target=\"_blank\" rel=\"noopener\">Tutorial 17 \u00bfC\u00f3mo descargar calificaciones de mis estudiantes?<\/a><\/p>\n<p style=\"font-size: 2rem !important;\"><a href=\"https:\/\/docs.google.com\/presentation\/d\/e\/2PACX-1vQmmGEsimmSQDPvTIMf7FPr28IFbFqbVkAxTlUw_0kUVojfzERK-pQpmyXrUBSTVkJqBuQJjWZMHIjy\/pub?start=false&amp;loop=false&amp;delayms=5000\" target=\"_blank\" rel=\"noopener\">Tutorial 20 Crear Grupos<\/a>\u00a0<\/p>\n<p style=\"font-size: 2rem !important;\"><a href=\"https:\/\/docs.google.com\/presentation\/d\/e\/2PACX-1vSZZPkhg10pcf7rtIRYjys-YgQ-NvUqT7mKM8M93WxlGOqUnbkrEjgzikJoIhSP8MA2zcFokc9e5jfb\/pub?start=false&amp;loop=false&amp;delayms=5000\" target=\"_blank\" rel=\"noopener\">Tutorial\u00a0<\/a><a href=\"https:\/\/docs.google.com\/presentation\/d\/e\/2PACX-1vSZZPkhg10pcf7rtIRYjys-YgQ-NvUqT7mKM8M93WxlGOqUnbkrEjgzikJoIhSP8MA2zcFokc9e5jfb\/pub?start=false&amp;loop=false&amp;delayms=5000\" target=\"_blank\" rel=\"noopener\">21 \u00bfC\u00f3mo corregir un enlace roto?<\/a>\u00a0<\/p>\n<p style=\"font-size: 2rem !important;\"><a href=\"https:\/\/docs.google.com\/presentation\/d\/e\/2PACX-1vSdD-yN5GTFtoU0uG5FbauP7DozGkEmJ3WJXxdIw-tiAb_qMs7ZpGU0BGxgNjsw7XjYKqQieiB2UxlU\/pub?start=false&amp;loop=false&amp;delayms=5000\" target=\"_blank\" rel=\"noopener\">Tutorial 22 \u00bfC\u00f3mo funciona el calendario?<\/a><\/p>\n<p style=\"font-size: 2rem !important;\"><a href=\"https:\/\/docs.google.com\/presentation\/d\/e\/2PACX-1vQoaTvOZZvrM7VFb_rdSdLrI7vuVEurl_wVLJtIeNj2tokJn-qCBAfOJKUQF9nLVw_xRYjn6QCJgfR6\/pub?start=false&amp;loop=false&amp;delayms=5000\" target=\"_blank\" rel=\"noopener\">Tutorial 23 \u00bfC\u00f3mo matriculo alumnos en mis aulas virtuales?<\/a><\/p>\n<\/div>\t\t\t\t\t\t\t\t<\/div>\n\t\t\t\t<\/div>\n\t\t\t\t<\/div>\n\t\t<div id=\"e-n-tab-content-493133082\" role=\"tabpanel\" aria-labelledby=\"e-n-tab-title-493133082\" data-tab-index=\"2\" style=\"--n-tabs-title-order: 2;\" class=\" elementor-element elementor-element-33621c5 e-con-full e-flex e-con e-child\" data-id=\"33621c5\" data-element_type=\"container\">\n\t\t\t\t<div class=\"elementor-element elementor-element-de20c36 elementor-widget elementor-widget-text-editor\" data-id=\"de20c36\" data-element_type=\"widget\" data-widget_type=\"text-editor.default\">\n\t\t\t\t<div class=\"elementor-widget-container\">\n\t\t\t\t\t\t\t\t\t<p style=\"font-size: 2rem !important;\"><a href=\"https:\/\/docs.google.com\/presentation\/d\/e\/2PACX-1vRBpzSPqeNEJQ1e8LMDXkWdMeAkBkMqThTjoK1T9_vwk4H7IkdXkB04EzrER7HGmqzkDlOSH-3pTrhi\/pub?start=false&amp;loop=false&amp;delayms=5000\" target=\"_blank\" rel=\"noopener\">Tutorial 01 \u00bfC\u00f3mo est\u00e1 organizada mi aula virtual?<\/a>\u00a0<\/p>\n<p style=\"font-size: 2rem !important;\"><a href=\"https:\/\/docs.google.com\/presentation\/d\/e\/2PACX-1vRKITUsj-IMALaWn2HnRTd97FxKrmf9qoyebl6Kepq05ZXUmk_pilw3Y1tPUtuUbDoOArqTvqy8nxcP\/pub?start=false&amp;loop=false&amp;delayms=5000\" target=\"_blank\" rel=\"noopener\">Tutorial 02 \u00bfC\u00f3mo configuro mi perfil?<\/a>\u00a0<\/p>\n<p style=\"font-size: 2rem !important;\"><a href=\"https:\/\/docs.google.com\/presentation\/d\/e\/2PACX-1vSK0XnmB0tcVoQG5ofS4lAE1Sv2PgoLJyYX2M0dA-SyWJE-b-z2GYFrdVMcXi38-akRAmGLeyR9nHOw\/pub?start=false&amp;loop=false&amp;delayms=5000\" target=\"_blank\" rel=\"noopener\">Tutorial 03 \u00bfC\u00f3mo encontrar a otros usuarios dentro de mis cursos?<\/a>\u00a0<\/p>\n<p style=\"font-size: 2rem !important;\"><a href=\"https:\/\/docs.google.com\/presentation\/d\/e\/2PACX-1vQGXCCIvp_ORyIXhJzxtSDDbA9tYAD7QN7fFKQ9t_EcvCkCKwTZF_XBcVFyKPklqkUqHWAVzPkwDgHX\/pub?start=false&amp;loop=false&amp;delayms=5000\" target=\"_blank\" rel=\"noopener\">Tutorial 04 \u00bfC\u00f3mo entrego mis tareas y trabajos en Moodle?<\/a>\u00a0<\/p>\n<p style=\"font-size: 2rem !important;\"><a href=\"https:\/\/docs.google.com\/presentation\/d\/e\/2PACX-1vRmHGk2jKefVeEEXXYz2XGIVrdMsLchOsVnyC_LWUWa275HeDnnNZYxGu84_XCMPOozfx5u1ek1vsT1\/pub?start=false&amp;loop=false&amp;delayms=5000\" target=\"_blank\" rel=\"noopener\">Tutorial 05 \u00bfC\u00f3mo env\u00edo mensajes a otros usuarios?<\/a>\u00a0<\/p>\n<p style=\"font-size: 2rem !important;\"><a href=\"https:\/\/docs.google.com\/presentation\/d\/e\/2PACX-1vTygW4iUk_NVJXJRcUa4k8aHQ4JgCIJ5WdZKKzL47ccy1KqjqaMyWycOHQNYOkWqOVznl08nb6xOylU\/pub?start=false&amp;loop=false&amp;delayms=5000\" target=\"_blank\" rel=\"noopener\">Tutorial 06 \u00bfC\u00f3mo funciona el sistema de mensajes?<\/a>\u00a0<\/p>\n<p style=\"font-size: 2rem !important;\"><a href=\"https:\/\/docs.google.com\/presentation\/d\/e\/2PACX-1vTLBuVoOeKxqH998QzGwhXBhJgLDzcEwacLGdb-dgJS_n8MKKo0Ke0AAQPlBHZlUnqSy01V2GalDmdy\/pub?start=false&amp;loop=false&amp;delayms=5000\" target=\"_blank\" rel=\"noopener\">Tutorial 07 y 08 \u00bfQu\u00e9 son los foros y como participo?<\/a>\u00a0<\/p>\n<p style=\"font-size: 2rem !important;\"><a href=\"https:\/\/docs.google.com\/presentation\/d\/e\/2PACX-1vRgMPvxH1hky18Oq5Vt9Ih0pU5ePEIRuKRfwnHciFKG90ZbQ3ALchzo40QEtKODF1mbAEGo6lrQZiCh\/pub?start=false&amp;loop=false&amp;delayms=5000\" target=\"_blank\" rel=\"noopener\">Tutorial 09 \u00bfC\u00f3mo puedo participar en un wiki?<\/a>\u00a0<\/p>\n<p style=\"font-size: 2rem !important;\"><a href=\"https:\/\/docs.google.com\/presentation\/d\/e\/2PACX-1vQr8Evfpwe24o_2DkPDRIR99gBGXgidNX3dshmha2yCsBmjk-oBGOc3RNM6yt-R7LPWx5zhndzquGts\/pub?start=false&amp;loop=false&amp;delayms=5000\" target=\"_blank\" rel=\"noopener\">Tutorial 10 \u00bfC\u00f3mo reviso mis calificaciones y retroalimentaciones?<\/a>\u00a0<\/p>\n<p style=\"font-size: 2rem !important;\"><a href=\"https:\/\/docs.google.com\/presentation\/d\/e\/2PACX-1vTlX-dtacTmnSIMs6lQ_jA3rwmBROOgTbFoOGUDv6dl50LcDA-rnyPw4APztqoNEgUZJaEhkxf-GgM1\/pub?start=false&amp;loop=false&amp;delayms=5000\" target=\"_blank\" rel=\"noopener\">Tutorial 11 \u00bfC\u00f3mo funciona el calendario?<\/a>\u00a0<\/p>\n<p style=\"font-size: 2rem !important;\"><a href=\"https:\/\/docs.google.com\/presentation\/d\/e\/2PACX-1vS_aU08THhIOVSHDshDXxTRfQXrRw3prQ6N_MbH7LuX9ObmUt1gzaIJKgIJF5yaLzYj39pLgI5cTxVJ\/pub?start=false&amp;loop=false&amp;delayms=5000\" target=\"_blank\" rel=\"noopener\">Tutorial 12 Automatriculaci\u00f3n en Moodle de alumnos<\/a><\/p>\t\t\t\t\t\t\t\t<\/div>\n\t\t\t\t<\/div>\n\t\t\t\t<\/div>\n\t\t<div id=\"e-n-tab-content-493133083\" role=\"tabpanel\" aria-labelledby=\"e-n-tab-title-493133083\" data-tab-index=\"3\" style=\"--n-tabs-title-order: 3;\" class=\" elementor-element elementor-element-96aa6a3 e-flex e-con-boxed e-con e-child\" data-id=\"96aa6a3\" data-element_type=\"container\">\n\t\t\t\t\t<div class=\"e-con-inner\">\n\t\t\t\t<div class=\"elementor-element elementor-element-6e3d164 elementor-widget elementor-widget-text-editor\" data-id=\"6e3d164\" data-element_type=\"widget\" data-widget_type=\"text-editor.default\">\n\t\t\t\t<div class=\"elementor-widget-container\">\n\t\t\t\t\t\t\t\t\t<p style=\"font-size: 2rem !important;\"><a href=\"https:\/\/docs.google.com\/presentation\/d\/e\/2PACX-1vSkm31CWIKLBuNjf81aiBx2TDjqMpyLg4Uc4yC2STfJ91lqn-0KNYI2ruya_z8DHwbiLEBOa1k6U7xi\/pub?start=false&amp;loop=false&amp;delayms=5000\" target=\"_blank\" rel=\"noopener\">Tutorial 04 Herramientas b\u00e1sicas de edici\u00f3n <\/a>\u00a0<\/p>\n<p style=\"font-size: 2rem !important;\"><a href=\"https:\/\/docs.google.com\/presentation\/d\/e\/2PACX-1vS7UxZkBGcH143anCVbmgRGzkX2q2RmIsdrMsz_1imaawuZRzIQt7TnWCwhJr9mnAmPeOcqnffCqH_L\/pub?start=false&amp;loop=false&amp;delayms=3000\" target=\"_blank\" rel=\"noopener\">Tutorial 05 Configuraci\u00f3n general del curso<\/a>\u00a0<\/p>\n<p style=\"font-size: 2rem !important;\"><a href=\"https:\/\/docs.google.com\/presentation\/d\/e\/2PACX-1vRMEPANpQNOuP7tF6P-TyOz_22k7YydU2rVYD6fLsg5vx7r7RRztCfVVQKL79FqdsrN_2tQiB81RkiR\/pub?start=false&amp;loop=false&amp;delayms=5000\" target=\"_blank\" rel=\"noopener\">Tutorial 06 Bloque de herramientas<\/a>\u00a0<\/p>\n<p style=\"font-size: 2rem !important;\"><a href=\"https:\/\/docs.google.com\/presentation\/d\/e\/2PACX-1vTCyt6B2F1FYGuBX-_mx-Dqd6w4f_7kA2eLVHzpYOO4BwRjeN1eSCLMKQAGjvEgj1SCid0MFPGUXa7m\/pub?start=false&amp;loop=false&amp;delayms=5000\" target=\"_blank\" rel=\"noopener\">Tutorial 11 Crear Etiquetas<\/a>\u00a0<\/p>\n<p style=\"font-size: 2rem !important;\"><a href=\"https:\/\/docs.google.com\/presentation\/d\/e\/2PACX-1vQQ5cPXPj2tyGgjCrfredMfARyxgNkBZxDTjuyKZCj_yqE21_XDJDtgL3xmoEp3b-4LiEqKtNSZDgzK\/pub?start=false&amp;loop=false&amp;delayms=5000\" target=\"_blank\" rel=\"noopener\">Tutorial 12 Crear Carpetas<\/a>\u00a0<\/p>\n<p style=\"font-size: 2rem !important;\"><a href=\"https:\/\/docs.google.com\/presentation\/d\/e\/2PACX-1vTXKXtE5gCvcuku_-CFELtcCQbEak53jw9OR5GqmK85TT4zc7Y88SP-QONvPfIg0ChpEZWU2Whw-4e9\/pub?start=false&amp;loop=false&amp;delayms=5000\" target=\"_blank\" rel=\"noopener\">Tutorial 13 Crear URL o Enlace<\/a>\u00a0<\/p>\n<p style=\"font-size: 2rem !important;\"><a href=\"https:\/\/docs.google.com\/presentation\/d\/e\/2PACX-1vTjwQYMZimaqvPNMlsfCabrYBIRUjmq9ZCQJh3hGWUx8wJyifiMw6ViJ5w4rxFSUIb0YjPvsO10-SZa\/pub?start=false&amp;loop=false&amp;delayms=5000\" target=\"_blank\" rel=\"noopener\">Tutorial 15 Crear Archivo<\/a>\u00a0<\/p>\n<p style=\"font-size: 2rem !important;\"><a href=\"https:\/\/docs.google.com\/presentation\/d\/e\/2PACX-1vSOzE-gefFdW7IbD53hf5tFZ31CYPSpI3ZeHjDAfkXOf1p9GTbE_ImPsm7RpSH172krq0LLDiNa4ia8\/pub?start=false&amp;loop=false&amp;delayms=5000\" target=\"_blank\" rel=\"noopener\">Tutorial 16 Crear una p\u00e1gina de contenido<\/a>\u00a0<\/p>\n<p style=\"font-size: 2rem !important;\"><a href=\"https:\/\/docs.google.com\/presentation\/d\/e\/2PACX-1vSMg_JQSICbES4J7CH7m_G2t4vUnN4CbS-NKp2AQBR7OTFYlKE2kqggbRV2Wz4ETpVbq2W8HdHG9fi-\/pub?start=false&amp;loop=false&amp;delayms=5000\" target=\"_blank\" rel=\"noopener\">Tutorial 17 Agregar actividades de aprendizaje<\/a>\u00a0<\/p>\n<p style=\"font-size: 2rem !important;\"><a href=\"https:\/\/docs.google.com\/presentation\/d\/e\/2PACX-1vTUInSV6mAHtKdh7hmL4PbrzIr7vtVP0USa9TnRUIMMtTyJTiCXuRNfK1dgQ8juTUx5RGf2rXrOYtYX\/pub?start=false&amp;loop=false&amp;delayms=5000\" target=\"_blank\" rel=\"noopener\">Tutorial 18 Crear Tarea<\/a>\u00a0<\/p>\n<p style=\"font-size: 2rem !important;\"><a href=\"https:\/\/docs.google.com\/presentation\/d\/e\/2PACX-1vTJo4alaAK4xgAtR75cBbm2YozlOJiknzhujyzwj2XyV_CJWp8tfFVfx1PLmhr9gvjV-x-zdPmF2UWf\/pub?start=false&amp;loop=false&amp;delayms=5000\" target=\"_blank\" rel=\"noopener\">Tutorial 19 Crear Foro<\/a>\u00a0<\/p>\n<p style=\"font-size: 2rem !important;\"><a href=\"https:\/\/docs.google.com\/presentation\/d\/e\/2PACX-1vTXMZomEvkZ0g7qIi8jfI29JBLum_23ihEdjD3zWJRo8zW4nP0LprXNoZ3mmsMm-XPKEORqQqutc0xJ\/pub?start=false&amp;loop=false&amp;delayms=5000\" target=\"_blank\" rel=\"noopener\">Tutorial 20 Crear cuestionario<\/a>\u00a0<\/p>\n<p style=\"font-size: 2rem !important;\"><a href=\"https:\/\/docs.google.com\/presentation\/d\/e\/2PACX-1vRH10UQE9XC8h1yVkf7paCDd3soo8NfjE31fOlTdAW1gX7ZdWddUB_Ani9htkeq6yYnzzBWfC4Ir4yR\/pub?start=false&amp;loop=false&amp;delayms=5000\" target=\"_blank\" rel=\"noopener\">Tutorial 21 Banco de preguntas (Categor\u00edas y preguntas)<\/a>\u00a0<\/p>\n<p style=\"font-size: 2rem !important;\"><a href=\"https:\/\/docs.google.com\/presentation\/d\/e\/2PACX-1vQOklmSVtpZBsHzmXgSnFO5V0dG7eb6mIYg9RythYAfy_MsJKVVJ7SC1_rQr9hFc2IcwLOMc7SmFFWj\/pub?start=false&amp;loop=false&amp;delayms=5000\" target=\"_blank\" rel=\"noopener\">Tutorial 22 Crear preguntas para cuestionario<\/a>\u00a0<\/p>\n<p style=\"font-size: 2rem !important;\"><a href=\"https:\/\/docs.google.com\/presentation\/d\/e\/2PACX-1vQ8cPiPfLVBHOppDM0jnKz4yktS-jT5UnC53_ERA1_AaOwXFmyNuIgsLUpZKsqaQogtKpu2UYQJj7SZ\/pub?start=false&amp;loop=false&amp;delayms=5000\" target=\"_blank\" rel=\"noopener\">Tutorial 23 Crear Wiki<\/a>\u00a0<\/p>\n<p style=\"font-size: 2rem !important;\"><a href=\"https:\/\/docs.google.com\/presentation\/d\/e\/2PACX-1vQeWijXJV1Qly05k_65MUgbzwfzmQAet--ZNNEkfNIGLHOjfgjurPD6SyNeaKwuulAIJU51IjvKBDrx\/pub?start=false&amp;loop=false&amp;delayms=5000\" target=\"_blank\" rel=\"noopener\">Tutorial 27 Actividad Glosario<\/a>\u00a0<\/p>\n<p style=\"font-size: 2rem !important;\"><a href=\"https:\/\/docs.google.com\/presentation\/d\/e\/2PACX-1vSMbBXufFF4apZpcuCeUUUiqFVJyHLIxCk2EoSddBZkuMI6AS_8JUPbo9C8D_o3z5nIruxr9UzNHgn4\/pub?start=false&amp;loop=false&amp;delayms=5000\" target=\"_blank\" rel=\"noopener\">Tutorial 28 Crear un Chat<\/a><\/p>\t\t\t\t\t\t\t\t<\/div>\n\t\t\t\t<\/div>\n\t\t\t\t\t<\/div>\n\t\t\t\t<\/div>\n\t\t<div id=\"e-n-tab-content-493133084\" role=\"tabpanel\" aria-labelledby=\"e-n-tab-title-493133084\" data-tab-index=\"4\" style=\"--n-tabs-title-order: 4;\" class=\" elementor-element elementor-element-ef4524f e-con-full e-flex e-con e-child\" data-id=\"ef4524f\" data-element_type=\"container\">\n\t\t\t\t<div class=\"elementor-element elementor-element-abdc338 elementor-widget elementor-widget-text-editor\" data-id=\"abdc338\" data-element_type=\"widget\" data-widget_type=\"text-editor.default\">\n\t\t\t\t<div class=\"elementor-widget-container\">\n\t\t\t\t\t\t\t\t\t<p style=\"font-size: 2rem !important;\"><a href=\"https:\/\/docs.google.com\/presentation\/d\/e\/2PACX-1vRkTJDMBMGiLuLPmScRGE-OGmkI3fr2t-2fsQ0QTNysYssrWFskYlk0ofDokqSrbg\/pub?start=false&amp;loop=false&amp;delayms=5000\" target=\"_blank\" rel=\"noopener\">Tutorial 1 Introducci\u00f3n<\/a>\u00a0<\/p>\n<p style=\"font-size: 2rem !important;\"><a href=\"https:\/\/docs.google.com\/presentation\/d\/e\/2PACX-1vRqwJ-l9ojZRbGAtAgn0ho81EQpLkyercmdXRN9YkiJmBtptA_t9FCPkuGY1veltg\/pub?start=true&amp;loop=false&amp;delayms=5000\" target=\"_blank\" rel=\"noopener\">Tutorial 2 Facebook live desde tu celular<\/a>\u00a0<\/p>\n<p style=\"font-size: 2rem !important;\"><a href=\"https:\/\/docs.google.com\/presentation\/d\/e\/2PACX-1vQ8wBBGrJV8AbEkiOu57InIwHaW36iuseeFGMslVReQCLbN60qy86THSfjLWcdxdQ\/pub?start=true&amp;loop=false&amp;delayms=5000\" target=\"_blank\" rel=\"noopener\">Tutorial 3 Facebook live desde tu computadora<\/a>\u00a0<\/p>\n<p style=\"font-size: 2rem !important;\"><a href=\"https:\/\/docs.google.com\/presentation\/d\/e\/2PACX-1vTEowg3pOs2ZUeIgVRe36wmpa9NKNUDtN0gs0yeOMD5flmSoLChAeh_I0EYz0ivuA\/pub?start=true&amp;loop=false&amp;delayms=5000\" target=\"_blank\" rel=\"noopener\">Tutorial 4 Zoom desde tu celular<\/a>\u00a0<\/p>\n<p style=\"font-size: 2rem !important;\"><a href=\"https:\/\/docs.google.com\/presentation\/d\/e\/2PACX-1vTNxsdlFHjkDSn-Jmpe-ukAZTI4p52dBI2eCotTrdIlwEHFkNYCCUhVD9di5sC-cw\/pub?start=false&amp;loop=false&amp;delayms=5000\" target=\"_blank\" rel=\"noopener\">Tutorial 5 StreamYard desde tu computadora<\/a>\u00a0<\/p>\n<p style=\"font-size: 2rem !important;\"><a href=\"https:\/\/docs.google.com\/presentation\/d\/e\/2PACX-1vQBWGKF3dPy_kGoRPWwtsuntGXwIpRPhAYfoYW9kEITzwkIp8VzThhTMd-w4b4f1Q\/pub?start=true&amp;loop=false&amp;delayms=5000\" target=\"_blank\" rel=\"noopener\">Tutorial 6 YouTube desde tu computadora<\/a><\/p>\t\t\t\t\t\t\t\t<\/div>\n\t\t\t\t<\/div>\n\t\t\t\t<\/div>\n\t\t\t\t\t<\/div>\n\t\t<\/div>\n\t\t\t\t\t\t<\/div>\n\t\t\t\t<\/div>\n\t\t\t\t\t<\/div>\n\t\t\t\t<\/div>\n\t\t\t\t<\/div>\n\t\t","protected":false},"excerpt":{"rendered":"<p>En este espacio encontrar\u00e1s diferentes tutoriales que explican el proceso de administraci\u00f3n de una unidad de aprendizaje si tu funci\u00f3n<\/p>\n","protected":false},"author":1,"featured_media":0,"parent":0,"menu_order":0,"comment_status":"closed","ping_status":"closed","template":"","meta":{"colormag_page_container_layout":"default_layout","colormag_page_sidebar_layout":"default_layout","footnotes":""},"class_list":["post-1240","page","type-page","status-publish","hentry"],"magazineBlocksPostFeaturedMedia":{"thumbnail":false,"medium":false,"medium_large":false,"large":false,"1536x1536":false,"2048x2048":false,"colormag-highlighted-post":false,"colormag-featured-post-medium":false,"colormag-featured-post-small":false,"colormag-featured-image":false,"colormag-default-news":false,"colormag-featured-image-large":false,"colormag-elementor-block-extra-large-thumbnail":false,"colormag-elementor-grid-large-thumbnail":false,"colormag-elementor-grid-small-thumbnail":false,"colormag-elementor-grid-medium-large-thumbnail":false},"magazineBlocksPostAuthor":{"name":"euaem.admin","avatar":"https:\/\/secure.gravatar.com\/avatar\/db6bcfcf2c3ec6c3ae959fb3e8d51d17c93480fcd2e50154caa1c08ea5df6d96?s=96&d=mm&r=g"},"magazineBlocksPostCommentsNumber":false,"magazineBlocksPostExcerpt":"En este espacio encontrar\u00e1s diferentes tutoriales que explican el proceso de administraci\u00f3n de una unidad de aprendizaje si tu funci\u00f3n","magazineBlocksPostCategories":[],"magazineBlocksPostViewCount":0,"magazineBlocksPostReadTime":4,"_links":{"self":[{"href":"https:\/\/e-uaem.mx\/portal02\/index.php\/wp-json\/wp\/v2\/pages\/1240","targetHints":{"allow":["GET"]}}],"collection":[{"href":"https:\/\/e-uaem.mx\/portal02\/index.php\/wp-json\/wp\/v2\/pages"}],"about":[{"href":"https:\/\/e-uaem.mx\/portal02\/index.php\/wp-json\/wp\/v2\/types\/page"}],"author":[{"embeddable":true,"href":"https:\/\/e-uaem.mx\/portal02\/index.php\/wp-json\/wp\/v2\/users\/1"}],"replies":[{"embeddable":true,"href":"https:\/\/e-uaem.mx\/portal02\/index.php\/wp-json\/wp\/v2\/comments?post=1240"}],"version-history":[{"count":103,"href":"https:\/\/e-uaem.mx\/portal02\/index.php\/wp-json\/wp\/v2\/pages\/1240\/revisions"}],"predecessor-version":[{"id":2883,"href":"https:\/\/e-uaem.mx\/portal02\/index.php\/wp-json\/wp\/v2\/pages\/1240\/revisions\/2883"}],"wp:attachment":[{"href":"https:\/\/e-uaem.mx\/portal02\/index.php\/wp-json\/wp\/v2\/media?parent=1240"}],"curies":[{"name":"wp","href":"https:\/\/api.w.org\/{rel}","templated":true}]}}