{"id":1527,"date":"2025-03-28T19:21:24","date_gmt":"2025-03-28T19:21:24","guid":{"rendered":"http:\/\/e-uaem.mx\/portal02\/?page_id=1527"},"modified":"2025-10-20T18:32:22","modified_gmt":"2025-10-20T18:32:22","slug":"ayuda","status":"publish","type":"page","link":"https:\/\/e-uaem.mx\/portal02\/index.php\/ayuda\/","title":{"rendered":"Ayuda"},"content":{"rendered":"\t\t<div data-elementor-type=\"wp-page\" data-elementor-id=\"1527\" class=\"elementor elementor-1527\">\n\t\t\t\t<div class=\"elementor-element elementor-element-df1fa44 e-flex e-con-boxed e-con e-parent\" data-id=\"df1fa44\" data-element_type=\"container\">\n\t\t\t\t\t<div class=\"e-con-inner\">\n\t\t\t\t<div class=\"elementor-element elementor-element-7bf6a66 elementor-widget elementor-widget-text-editor\" data-id=\"7bf6a66\" data-element_type=\"widget\" data-widget_type=\"text-editor.default\">\n\t\t\t\t<div class=\"elementor-widget-container\">\n\t\t\t\t\t\t\t\t\t<p>En nuestro sitio encontrar\u00e1s todo lo que necesitas para resolver tus dudas y sacar el m\u00e1ximo provecho:<\/p>\t\t\t\t\t\t\t\t<\/div>\n\t\t\t\t<\/div>\n\t\t\t\t\t<\/div>\n\t\t\t\t<\/div>\n\t\t<div class=\"elementor-element elementor-element-18407a9 e-grid bento-box e-con-boxed e-con e-parent\" data-id=\"18407a9\" data-element_type=\"container\">\n\t\t\t\t\t<div class=\"e-con-inner\">\n\t\t\t\t<div class=\"elementor-element elementor-element-e051cdf bento-item elementor-position-top elementor-widget elementor-widget-image-box\" data-id=\"e051cdf\" data-element_type=\"widget\" data-widget_type=\"image-box.default\">\n\t\t\t\t<div class=\"elementor-widget-container\">\n\t\t\t\t\t<div class=\"elementor-image-box-wrapper\"><figure class=\"elementor-image-box-img\"><a href=\"http:\/\/e-uaem.mx\/portal02\/index.php\/tutoriales\/\" tabindex=\"-1\"><img loading=\"lazy\" decoding=\"async\" width=\"640\" height=\"640\" src=\"https:\/\/e-uaem.mx\/portal02\/wp-content\/uploads\/2025\/03\/tutoriales.gif\" class=\"attachment-full size-full wp-image-1550\" alt=\"\" \/><\/a><\/figure><div class=\"elementor-image-box-content\"><h2 class=\"elementor-image-box-title\"><a href=\"http:\/\/e-uaem.mx\/portal02\/index.php\/tutoriales\/\">Tutoriales acad\u00e9micos<\/a><\/h2><p class=\"elementor-image-box-description\">Aprende paso a paso con gu\u00edas dise\u00f1adas especialmente para tu formaci\u00f3n.<\/p><\/div><\/div>\t\t\t\t<\/div>\n\t\t\t\t<\/div>\n\t\t\t\t<div class=\"elementor-element elementor-element-9203496 bento-item elementor-position-top elementor-widget elementor-widget-image-box\" data-id=\"9203496\" data-element_type=\"widget\" data-widget_type=\"image-box.default\">\n\t\t\t\t<div class=\"elementor-widget-container\">\n\t\t\t\t\t<div class=\"elementor-image-box-wrapper\"><figure class=\"elementor-image-box-img\"><a href=\"http:\/\/e-uaem.mx\/portal02\/index.php\/tutoriales-de-gestion\/\" tabindex=\"-1\"><img loading=\"lazy\" decoding=\"async\" width=\"640\" height=\"640\" src=\"https:\/\/e-uaem.mx\/portal02\/wp-content\/uploads\/2025\/04\/tutoriales-gestion.gif\" class=\"attachment-full size-full wp-image-1718\" alt=\"\" \/><\/a><\/figure><div class=\"elementor-image-box-content\"><h2 class=\"elementor-image-box-title\"><a href=\"http:\/\/e-uaem.mx\/portal02\/index.php\/tutoriales-de-gestion\/\">Procesos de gesti\u00f3n<\/a><\/h2><p class=\"elementor-image-box-description\">Formatos y gu\u00edas visuales para la implementaci\u00f3n de la multimodalidad en la UAEM.<\/p><\/div><\/div>\t\t\t\t<\/div>\n\t\t\t\t<\/div>\n\t\t\t\t<div class=\"elementor-element elementor-element-b5de425 bento-item elementor-position-top elementor-widget elementor-widget-image-box\" data-id=\"b5de425\" data-element_type=\"widget\" data-widget_type=\"image-box.default\">\n\t\t\t\t<div class=\"elementor-widget-container\">\n\t\t\t\t\t<div class=\"elementor-image-box-wrapper\"><figure class=\"elementor-image-box-img\"><a href=\"http:\/\/e-uaem.mx\/portal02\/index.php\/glosario-2\/\" tabindex=\"-1\"><img loading=\"lazy\" decoding=\"async\" width=\"640\" height=\"640\" src=\"https:\/\/e-uaem.mx\/portal02\/wp-content\/uploads\/2025\/03\/glosario.gif\" class=\"attachment-full size-full wp-image-1559\" alt=\"\" \/><\/a><\/figure><div class=\"elementor-image-box-content\"><h2 class=\"elementor-image-box-title\"><a href=\"http:\/\/e-uaem.mx\/portal02\/index.php\/glosario-2\/\">Glosario<\/a><\/h2><p class=\"elementor-image-box-description\">Encuentra definiciones de t\u00e9rminos clave para entender mejor los temas.<\/p><\/div><\/div>\t\t\t\t<\/div>\n\t\t\t\t<\/div>\n\t\t\t\t<div class=\"elementor-element elementor-element-a5123f1 bento-item elementor-position-top elementor-widget elementor-widget-image-box\" data-id=\"a5123f1\" data-element_type=\"widget\" data-widget_type=\"image-box.default\">\n\t\t\t\t<div class=\"elementor-widget-container\">\n\t\t\t\t\t<div class=\"elementor-image-box-wrapper\"><figure class=\"elementor-image-box-img\"><a href=\"http:\/\/e-uaem.mx\/portal02\/index.php\/preguntas-frecuentes\/\" tabindex=\"-1\"><img loading=\"lazy\" decoding=\"async\" width=\"640\" height=\"640\" src=\"https:\/\/e-uaem.mx\/portal02\/wp-content\/uploads\/2025\/03\/faq.gif\" class=\"attachment-full size-full wp-image-1554\" alt=\"\" \/><\/a><\/figure><div class=\"elementor-image-box-content\"><h2 class=\"elementor-image-box-title\"><a href=\"http:\/\/e-uaem.mx\/portal02\/index.php\/preguntas-frecuentes\/\">Preguntas frecuentes<\/a><\/h2><p class=\"elementor-image-box-description\">Respuestas r\u00e1pidas a las consultas m\u00e1s comunes de nuestra comunidad.<\/p><\/div><\/div>\t\t\t\t<\/div>\n\t\t\t\t<\/div>\n\t\t\t\t\t<\/div>\n\t\t\t\t<\/div>\n\t\t\t\t<\/div>\n\t\t","protected":false},"excerpt":{"rendered":"<p>En nuestro sitio encontrar\u00e1s todo lo que necesitas para resolver tus dudas y sacar el m\u00e1ximo provecho: Tutoriales acad\u00e9micos Aprende<\/p>\n","protected":false},"author":1,"featured_media":0,"parent":0,"menu_order":0,"comment_status":"closed","ping_status":"closed","template":"","meta":{"colormag_page_container_layout":"default_layout","colormag_page_sidebar_layout":"default_layout","footnotes":""},"class_list":["post-1527","page","type-page","status-publish","hentry"],"magazineBlocksPostFeaturedMedia":{"thumbnail":false,"medium":false,"medium_large":false,"large":false,"1536x1536":false,"2048x2048":false,"colormag-highlighted-post":false,"colormag-featured-post-medium":false,"colormag-featured-post-small":false,"colormag-featured-image":false,"colormag-default-news":false,"colormag-featured-image-large":false,"colormag-elementor-block-extra-large-thumbnail":false,"colormag-elementor-grid-large-thumbnail":false,"colormag-elementor-grid-small-thumbnail":false,"colormag-elementor-grid-medium-large-thumbnail":false},"magazineBlocksPostAuthor":{"name":"euaem.admin","avatar":"https:\/\/secure.gravatar.com\/avatar\/db6bcfcf2c3ec6c3ae959fb3e8d51d17c93480fcd2e50154caa1c08ea5df6d96?s=96&d=mm&r=g"},"magazineBlocksPostCommentsNumber":false,"magazineBlocksPostExcerpt":"En nuestro sitio encontrar\u00e1s todo lo que necesitas para resolver tus dudas y sacar el m\u00e1ximo provecho: Tutoriales acad\u00e9micos Aprende","magazineBlocksPostCategories":[],"magazineBlocksPostViewCount":0,"magazineBlocksPostReadTime":1,"_links":{"self":[{"href":"https:\/\/e-uaem.mx\/portal02\/index.php\/wp-json\/wp\/v2\/pages\/1527","targetHints":{"allow":["GET"]}}],"collection":[{"href":"https:\/\/e-uaem.mx\/portal02\/index.php\/wp-json\/wp\/v2\/pages"}],"about":[{"href":"https:\/\/e-uaem.mx\/portal02\/index.php\/wp-json\/wp\/v2\/types\/page"}],"author":[{"embeddable":true,"href":"https:\/\/e-uaem.mx\/portal02\/index.php\/wp-json\/wp\/v2\/users\/1"}],"replies":[{"embeddable":true,"href":"https:\/\/e-uaem.mx\/portal02\/index.php\/wp-json\/wp\/v2\/comments?post=1527"}],"version-history":[{"count":173,"href":"https:\/\/e-uaem.mx\/portal02\/index.php\/wp-json\/wp\/v2\/pages\/1527\/revisions"}],"predecessor-version":[{"id":2880,"href":"https:\/\/e-uaem.mx\/portal02\/index.php\/wp-json\/wp\/v2\/pages\/1527\/revisions\/2880"}],"wp:attachment":[{"href":"https:\/\/e-uaem.mx\/portal02\/index.php\/wp-json\/wp\/v2\/media?parent=1527"}],"curies":[{"name":"wp","href":"https:\/\/api.w.org\/{rel}","templated":true}]}}