{"id":1709,"date":"2025-04-01T22:51:43","date_gmt":"2025-04-01T22:51:43","guid":{"rendered":"http:\/\/e-uaem.mx\/portal02\/?page_id=1709"},"modified":"2025-10-20T18:23:23","modified_gmt":"2025-10-20T18:23:23","slug":"tutoriales-de-gestion","status":"publish","type":"page","link":"https:\/\/e-uaem.mx\/portal02\/index.php\/tutoriales-de-gestion\/","title":{"rendered":"Procesos de gesti\u00f3n"},"content":{"rendered":"\t\t<div data-elementor-type=\"wp-page\" data-elementor-id=\"1709\" class=\"elementor elementor-1709\">\n\t\t\t\t<div class=\"elementor-element elementor-element-d89d621 e-flex e-con-boxed e-con e-parent\" data-id=\"d89d621\" data-element_type=\"container\">\n\t\t\t\t\t<div class=\"e-con-inner\">\n\t\t\t\t<div class=\"elementor-element elementor-element-a8b881d elementor-widget elementor-widget-text-editor\" data-id=\"a8b881d\" data-element_type=\"widget\" data-widget_type=\"text-editor.default\">\n\t\t\t\t<div class=\"elementor-widget-container\">\n\t\t\t\t\t\t\t\t\t<p style=\"font-size: 2rem;\">En este espacio se encuentran los formatos y tutoriales para los diferentes procesos relacionados con la operaci\u00f3n de la multimodalidad en las Unidades Acad\u00e9micas.<\/p>\t\t\t\t\t\t\t\t<\/div>\n\t\t\t\t<\/div>\n\t\t\t\t\t<\/div>\n\t\t\t\t<\/div>\n\t\t<div class=\"elementor-element elementor-element-0b44ec3 e-flex e-con-boxed e-con e-parent\" data-id=\"0b44ec3\" data-element_type=\"container\">\n\t\t\t\t\t<div class=\"e-con-inner\">\n\t\t\t\t<div class=\"elementor-element elementor-element-7dff3bc e-n-tabs-mobile elementor-widget elementor-widget-n-tabs\" data-id=\"7dff3bc\" data-element_type=\"widget\" data-settings=\"{&quot;horizontal_scroll&quot;:&quot;disable&quot;}\" data-widget_type=\"nested-tabs.default\">\n\t\t\t\t<div class=\"elementor-widget-container\">\n\t\t\t\t\t\t\t<div class=\"e-n-tabs\" data-widget-number=\"132117436\" aria-label=\"Pesta\u00f1as. Abre elementos con Intro o Espacio, ci\u00e9rralos con Escape y navega con las fechas.\">\n\t\t\t<div class=\"e-n-tabs-heading\" role=\"tablist\">\n\t\t\t\t\t<button id=\"e-n-tab-title-1321174361\" class=\"e-n-tab-title\" aria-selected=\"true\" data-tab-index=\"1\" role=\"tab\" tabindex=\"0\" aria-controls=\"e-n-tab-content-1321174361\" style=\"--n-tabs-title-order: 1;\">\n\t\t\t\t\t\t<span class=\"e-n-tab-title-text\">\n\t\t\t\tFormatos\t\t\t<\/span>\n\t\t<\/button>\n\t\t\t\t<button id=\"e-n-tab-title-1321174362\" class=\"e-n-tab-title\" aria-selected=\"false\" data-tab-index=\"2\" role=\"tab\" tabindex=\"-1\" aria-controls=\"e-n-tab-content-1321174362\" style=\"--n-tabs-title-order: 2;\">\n\t\t\t\t\t\t<span class=\"e-n-tab-title-text\">\n\t\t\t\tTutoriales\t\t\t<\/span>\n\t\t<\/button>\n\t\t\t\t\t<\/div>\n\t\t\t<div class=\"e-n-tabs-content\">\n\t\t\t\t<div id=\"e-n-tab-content-1321174361\" role=\"tabpanel\" aria-labelledby=\"e-n-tab-title-1321174361\" data-tab-index=\"1\" style=\"--n-tabs-title-order: 1;\" class=\"e-active elementor-element elementor-element-579756f e-con-full e-flex e-con e-child\" data-id=\"579756f\" data-element_type=\"container\">\n\t\t\t\t<div class=\"elementor-element elementor-element-c05604d elementor-widget elementor-widget-text-editor\" data-id=\"c05604d\" data-element_type=\"widget\" data-widget_type=\"text-editor.default\">\n\t\t\t\t<div class=\"elementor-widget-container\">\n\t\t\t\t\t\t\t\t\t<p style=\"font-size: 2rem !important;\"><a href=\"http:\/\/portal.e-uaem.mx\/wp-content\/uploads\/2021\/03\/210118-formato-planeacion-asignatura-2021.docx\">Formato para planeaci\u00f3n de asignatura para docencia virtual de emergencia (enero-junio 2021)<\/a><\/p><p style=\"font-size: 2rem !important;\"><a href=\"https:\/\/docs.google.com\/spreadsheets\/d\/e\/2PACX-1vRJcRJ0CDDLo1P_OKX--JeoZal4PwE5wwffeKP68uV2PFO-vzCW86ajbiSS9-m0og\/pub?output=xlsx\" target=\"_blank\" rel=\"noopener\">Formato. Altas masivas eUAEM. Aulas virtuales expres 2020<\/a><\/p><p style=\"font-size: 2rem !important;\"><a href=\"https:\/\/docs.google.com\/spreadsheets\/d\/e\/2PACX-1vTJbtd9yvTSC35Btp287OT2On7YwiAuOcOEZJvU8TpJGADvLX7IYXpF9HmpnaSbRQ\/pub?output=xlsx\" target=\"_blank\" rel=\"noopener\">Formato. Altas estudiantes eUAEM. 2020<\/a><\/p><p style=\"font-size: 2rem !important;\"><a href=\"https:\/\/docs.google.com\/spreadsheets\/d\/e\/2PACX-1vRvd30dm8R2ovUBYcG2vsQsFFFnr1X3RzxYSR-IEY_IBLUVkSfXFeH19G4FnP-pwg\/pub?output=xlsx\" target=\"_blank\" rel=\"noopener\">Formato. R\u00e9plicas PE multimodales. 2020<\/a><\/p><p style=\"font-size: 2rem !important;\"><a href=\"https:\/\/docs.google.com\/spreadsheets\/d\/e\/2PACX-1vQ9ipJexILcd2eNBUhsKt9n0eU37o2XYpYmgte_DquULztKcxu89hSxlzM-6c8qMw\/pub?output=xlsx\" target=\"_blank\" rel=\"noopener\">Formato. Registro Aulas Virtuales R\u00c9PLICAS. 2020<\/a><\/p><p style=\"font-size: 2rem !important;\"><a href=\"https:\/\/docs.google.com\/spreadsheets\/d\/e\/2PACX-1vRrxMcBCnPzzJ7mHXkWdTwGXviiMovV-7ZQze6mDa4dCMJGzlyOrPmHex3ogyRDCw\/pub?output=xlsx\" target=\"_blank\" rel=\"noopener\">Formato. Registro Aulas Virtuales NUEVAS. 2020<\/a><\/p>\t\t\t\t\t\t\t\t<\/div>\n\t\t\t\t<\/div>\n\t\t\t\t<\/div>\n\t\t<div id=\"e-n-tab-content-1321174362\" role=\"tabpanel\" aria-labelledby=\"e-n-tab-title-1321174362\" data-tab-index=\"2\" style=\"--n-tabs-title-order: 2;\" class=\" elementor-element elementor-element-ec7e20d e-con-full e-flex e-con e-child\" data-id=\"ec7e20d\" data-element_type=\"container\">\n\t\t\t\t<div class=\"elementor-element elementor-element-0652e2d elementor-widget elementor-widget-text-editor\" data-id=\"0652e2d\" data-element_type=\"widget\" data-widget_type=\"text-editor.default\">\n\t\t\t\t<div class=\"elementor-widget-container\">\n\t\t\t\t\t\t\t\t\t<p style=\"font-size: 2rem !important;\"><a href=\"https:\/\/docs.google.com\/presentation\/d\/e\/2PACX-1vTi6e44B26gFD06LiGMeHRompIvSixjfTpUP2boPQr9GAT9WCUYPj1tNygbQWSLJg\/embed?start=false&amp;loop=false&amp;delayms=5000\" target=\"_blank\" rel=\"noopener\">Tutorial 01 \u00bfC\u00f3mo solicitar r\u00e9plica de una asignatura h\u00edbrida o virtual de la multimodal?<\/a><\/p>\n<p style=\"font-size: 2rem !important;\"><a href=\"https:\/\/docs.google.com\/presentation\/d\/e\/2PACX-1vQfswQBDneHLrbEwJwtzPbswXpMPW41gWfVc1m_yFf4l3o0cWfmqmVYNxV1zYqWCQ\/pub?start=false&amp;loop=false&amp;delayms=5000\" target=\"_blank\" rel=\"noopener\">Tutorial 02 \u00bfC\u00f3mo solicitar r\u00e9plica (copia) aulas virtuales expr\u00e9s en Moodle?<\/a><\/p>\n<p style=\"font-size: 2rem !important;\"><a href=\"https:\/\/docs.google.com\/presentation\/d\/e\/2PACX-1vSte3D61Rt25U_OwOaYYsDg2IxsyL6ii8zPLRz2g1O_EXTYUytaoDBzoDoMYBosVg\/pub?start=false&amp;loop=false&amp;delayms=5000\" target=\"_blank\" rel=\"noopener\">Tutorial 03 \u00bfC\u00f3mo solicitar la matriculaci\u00f3n de estudiantes en la r\u00e9plica (copia) de una asignatura h\u00edbrida y virtual en el marco de la Formaci\u00f3n Multimodal?<\/a><\/p>\n<p style=\"font-size: 2rem !important;\"><a href=\"https:\/\/docs.google.com\/presentation\/d\/e\/2PACX-1vQF1ltZ-I-f9YYuvVSAEb6sU4FPzK3PG2X3egLymLfFk8Em-EGywj3sNiYdrov_MA\/pub?start=false&amp;loop=false&amp;delayms=5000\" target=\"_blank\" rel=\"noopener\">Tutorial 04 \u00bfC\u00f3mo solicitar aulas virtuales expr\u00e9s nuevas?<\/a><\/p>\n<p style=\"font-size: 2rem !important;\"><a href=\"https:\/\/docs.google.com\/presentation\/d\/e\/2PACX-1vS3xTU1JJ_EUjpqU-fW8_fuQ1tZXUOPQpabfwytXvtwq9jvjKekXUzx7uw_Rsoo3w\/pub?start=false&amp;loop=false&amp;delayms=3000\" target=\"_blank\" rel=\"noopener\">Tutorial 05 \u00bfC\u00f3mo solicitar alta masiva de estudiantes en la plataforma Moodle?<\/a><\/p>\t\t\t\t\t\t\t\t<\/div>\n\t\t\t\t<\/div>\n\t\t\t\t<\/div>\n\t\t\t\t\t<\/div>\n\t\t<\/div>\n\t\t\t\t\t\t<\/div>\n\t\t\t\t<\/div>\n\t\t\t\t\t<\/div>\n\t\t\t\t<\/div>\n\t\t\t\t<\/div>\n\t\t","protected":false},"excerpt":{"rendered":"<p>En este espacio se encuentran los formatos y tutoriales para los diferentes procesos relacionados con la operaci\u00f3n de la multimodalidad<\/p>\n","protected":false},"author":1,"featured_media":0,"parent":0,"menu_order":0,"comment_status":"closed","ping_status":"closed","template":"","meta":{"colormag_page_container_layout":"default_layout","colormag_page_sidebar_layout":"default_layout","footnotes":""},"class_list":["post-1709","page","type-page","status-publish","hentry"],"magazineBlocksPostFeaturedMedia":{"thumbnail":false,"medium":false,"medium_large":false,"large":false,"1536x1536":false,"2048x2048":false,"colormag-highlighted-post":false,"colormag-featured-post-medium":false,"colormag-featured-post-small":false,"colormag-featured-image":false,"colormag-default-news":false,"colormag-featured-image-large":false,"colormag-elementor-block-extra-large-thumbnail":false,"colormag-elementor-grid-large-thumbnail":false,"colormag-elementor-grid-small-thumbnail":false,"colormag-elementor-grid-medium-large-thumbnail":false},"magazineBlocksPostAuthor":{"name":"euaem.admin","avatar":"https:\/\/secure.gravatar.com\/avatar\/db6bcfcf2c3ec6c3ae959fb3e8d51d17c93480fcd2e50154caa1c08ea5df6d96?s=96&d=mm&r=g"},"magazineBlocksPostCommentsNumber":false,"magazineBlocksPostExcerpt":"En este espacio se encuentran los formatos y tutoriales para los diferentes procesos relacionados con la operaci\u00f3n de la multimodalidad","magazineBlocksPostCategories":[],"magazineBlocksPostViewCount":0,"magazineBlocksPostReadTime":2,"_links":{"self":[{"href":"https:\/\/e-uaem.mx\/portal02\/index.php\/wp-json\/wp\/v2\/pages\/1709","targetHints":{"allow":["GET"]}}],"collection":[{"href":"https:\/\/e-uaem.mx\/portal02\/index.php\/wp-json\/wp\/v2\/pages"}],"about":[{"href":"https:\/\/e-uaem.mx\/portal02\/index.php\/wp-json\/wp\/v2\/types\/page"}],"author":[{"embeddable":true,"href":"https:\/\/e-uaem.mx\/portal02\/index.php\/wp-json\/wp\/v2\/users\/1"}],"replies":[{"embeddable":true,"href":"https:\/\/e-uaem.mx\/portal02\/index.php\/wp-json\/wp\/v2\/comments?post=1709"}],"version-history":[{"count":31,"href":"https:\/\/e-uaem.mx\/portal02\/index.php\/wp-json\/wp\/v2\/pages\/1709\/revisions"}],"predecessor-version":[{"id":2870,"href":"https:\/\/e-uaem.mx\/portal02\/index.php\/wp-json\/wp\/v2\/pages\/1709\/revisions\/2870"}],"wp:attachment":[{"href":"https:\/\/e-uaem.mx\/portal02\/index.php\/wp-json\/wp\/v2\/media?parent=1709"}],"curies":[{"name":"wp","href":"https:\/\/api.w.org\/{rel}","templated":true}]}}