{"id":1853,"date":"2025-04-02T22:45:17","date_gmt":"2025-04-02T22:45:17","guid":{"rendered":"http:\/\/e-uaem.mx\/portal02\/?page_id=1853"},"modified":"2025-04-08T20:28:11","modified_gmt":"2025-04-08T20:28:11","slug":"espacios","status":"publish","type":"page","link":"https:\/\/e-uaem.mx\/portal02\/index.php\/espacios\/","title":{"rendered":"Espacios"},"content":{"rendered":"\t\t<div data-elementor-type=\"wp-page\" data-elementor-id=\"1853\" class=\"elementor elementor-1853\">\n\t\t\t\t<div class=\"elementor-element elementor-element-2bf6889 e-flex e-con-boxed e-con e-parent\" data-id=\"2bf6889\" data-element_type=\"container\">\n\t\t\t\t\t<div class=\"e-con-inner\">\n\t\t\t\t<div class=\"elementor-element elementor-element-f49ca7d elementor-widget elementor-widget-text-editor\" data-id=\"f49ca7d\" data-element_type=\"widget\" data-widget_type=\"text-editor.default\">\n\t\t\t\t<div class=\"elementor-widget-container\">\n\t\t\t\t\t\t\t\t\t<p style=\"font-size: 2rem;\">e-UAEM tambi\u00e9n es conocido como el Espacio de Formaci\u00f3n Multimodal, pues representa un espacio que se extiende m\u00e1s all\u00e1 de la infraestructura f\u00edsica de la universidad.<\/p>\t\t\t\t\t\t\t\t<\/div>\n\t\t\t\t<\/div>\n\t\t\t\t\t<\/div>\n\t\t\t\t<\/div>\n\t\t<div class=\"elementor-element elementor-element-08176ac e-flex e-con-boxed e-con e-parent\" data-id=\"08176ac\" data-element_type=\"container\">\n\t\t\t\t\t<div class=\"e-con-inner\">\n\t\t\t\t<div class=\"elementor-element elementor-element-6056174 elementor-widget elementor-widget-spacer\" data-id=\"6056174\" data-element_type=\"widget\" data-widget_type=\"spacer.default\">\n\t\t\t\t<div class=\"elementor-widget-container\">\n\t\t\t\t\t\t\t<div class=\"elementor-spacer\">\n\t\t\t<div class=\"elementor-spacer-inner\"><\/div>\n\t\t<\/div>\n\t\t\t\t\t\t<\/div>\n\t\t\t\t<\/div>\n\t\t\t\t\t<\/div>\n\t\t\t\t<\/div>\n\t\t<div class=\"elementor-element elementor-element-fab83db e-flex e-con-boxed e-con e-parent\" data-id=\"fab83db\" data-element_type=\"container\">\n\t\t\t\t\t<div class=\"e-con-inner\">\n\t\t\t\t<div class=\"elementor-element elementor-element-ff8de2f bento-box e-n-tabs-mobile elementor-widget elementor-widget-n-tabs\" data-id=\"ff8de2f\" data-element_type=\"widget\" data-settings=\"{&quot;horizontal_scroll&quot;:&quot;disable&quot;}\" data-widget_type=\"nested-tabs.default\">\n\t\t\t\t<div class=\"elementor-widget-container\">\n\t\t\t\t\t\t\t<div class=\"e-n-tabs\" data-widget-number=\"267968047\" aria-label=\"Pesta\u00f1as. Abre elementos con Intro o Espacio, ci\u00e9rralos con Escape y navega con las fechas.\">\n\t\t\t<div class=\"e-n-tabs-heading\" role=\"tablist\">\n\t\t\t\t\t<button id=\"e-n-tab-title-2679680471\" class=\"e-n-tab-title\" aria-selected=\"true\" data-tab-index=\"1\" role=\"tab\" tabindex=\"0\" aria-controls=\"e-n-tab-content-2679680471\" style=\"--n-tabs-title-order: 1;\">\n\t\t\t\t\t\t<span class=\"e-n-tab-title-text\">\n\t\t\t\tVirtuales\t\t\t<\/span>\n\t\t<\/button>\n\t\t\t\t<button id=\"e-n-tab-title-2679680472\" class=\"e-n-tab-title\" aria-selected=\"false\" data-tab-index=\"2\" role=\"tab\" tabindex=\"-1\" aria-controls=\"e-n-tab-content-2679680472\" style=\"--n-tabs-title-order: 2;\">\n\t\t\t\t\t\t<span class=\"e-n-tab-title-text\">\n\t\t\t\tF\u00edsicos\t\t\t<\/span>\n\t\t<\/button>\n\t\t\t\t\t<\/div>\n\t\t\t<div class=\"e-n-tabs-content\">\n\t\t\t\t<div id=\"e-n-tab-content-2679680471\" role=\"tabpanel\" aria-labelledby=\"e-n-tab-title-2679680471\" data-tab-index=\"1\" style=\"--n-tabs-title-order: 1;\" class=\"e-active elementor-element elementor-element-2fe776d e-con-full e-grid e-con e-child\" data-id=\"2fe776d\" data-element_type=\"container\">\n\t\t\t\t<div class=\"elementor-element elementor-element-40ed2aa bento-item elementor-position-top elementor-widget elementor-widget-image-box\" data-id=\"40ed2aa\" data-element_type=\"widget\" data-widget_type=\"image-box.default\">\n\t\t\t\t<div class=\"elementor-widget-container\">\n\t\t\t\t\t<div class=\"elementor-image-box-wrapper\"><figure class=\"elementor-image-box-img\"><a href=\"http:\/\/e-uaem.mx\/portal02\/index.php\/espacios-moodle\/\" tabindex=\"-1\"><img loading=\"lazy\" decoding=\"async\" width=\"640\" height=\"640\" src=\"https:\/\/e-uaem.mx\/portal02\/wp-content\/uploads\/2025\/04\/AulaVirtual-cuadrada-02.gif\" class=\"attachment-full size-full wp-image-1978\" alt=\"\" \/><\/a><\/figure><div class=\"elementor-image-box-content\"><h4 class=\"elementor-image-box-title\"><a href=\"http:\/\/e-uaem.mx\/portal02\/index.php\/espacios-moodle\/\">Aulas virtuales<\/a><\/h4><p class=\"elementor-image-box-description\">Espacios donde se imparten cursos y asignaturas h\u00edbridas o virtuales, en los cuales confluyen docentes y estudiantes en torno a contenidos educativos y actividades de aprendizaje haciendo uso de herramientas de comunicaci\u00f3n.<\/p><\/div><\/div>\t\t\t\t<\/div>\n\t\t\t\t<\/div>\n\t\t\t\t<div class=\"elementor-element elementor-element-32887a4 bento-item elementor-position-top elementor-widget elementor-widget-image-box\" data-id=\"32887a4\" data-element_type=\"widget\" data-widget_type=\"image-box.default\">\n\t\t\t\t<div class=\"elementor-widget-container\">\n\t\t\t\t\t<div class=\"elementor-image-box-wrapper\"><figure class=\"elementor-image-box-img\"><img loading=\"lazy\" decoding=\"async\" width=\"640\" height=\"640\" src=\"https:\/\/e-uaem.mx\/portal02\/wp-content\/uploads\/2025\/04\/tutoria.gif\" class=\"attachment-full size-full wp-image-1982\" alt=\"\" \/><\/figure><div class=\"elementor-image-box-content\"><h4 class=\"elementor-image-box-title\">Cub\u00edculos virtuales de tutoria<\/h4><p class=\"elementor-image-box-description\">Espacios donde se llevan a cabo tutor\u00edas individuales o grupales. Pueden dise\u00f1arse como espacios ricos en contenidos, actividades y herramientas de comunicaci\u00f3n para facilitar dichas tutor\u00edas.<\/p><\/div><\/div>\t\t\t\t<\/div>\n\t\t\t\t<\/div>\n\t\t\t\t<div class=\"elementor-element elementor-element-cade836 bento-item elementor-position-top elementor-widget elementor-widget-image-box\" data-id=\"cade836\" data-element_type=\"widget\" data-widget_type=\"image-box.default\">\n\t\t\t\t<div class=\"elementor-widget-container\">\n\t\t\t\t\t<div class=\"elementor-image-box-wrapper\"><figure class=\"elementor-image-box-img\"><img loading=\"lazy\" decoding=\"async\" width=\"640\" height=\"640\" src=\"https:\/\/e-uaem.mx\/portal02\/wp-content\/uploads\/2025\/04\/virtual-lab.gif\" class=\"attachment-full size-full wp-image-1947\" alt=\"\" \/><\/figure><div class=\"elementor-image-box-content\"><h4 class=\"elementor-image-box-title\">Laboratorios virtuales<\/h4><p class=\"elementor-image-box-description\">Si bien la pr\u00e1ctica misma del laboratorio no se lleva a cabo en el entorno virtual, en estos espacios s\u00ed es posible virtualizar lo que se denomina \"pre-laboratorio\" y \"post-laboratorio\".<\/p><\/div><\/div>\t\t\t\t<\/div>\n\t\t\t\t<\/div>\n\t\t\t\t<div class=\"elementor-element elementor-element-5a39cae bento-item elementor-position-top elementor-widget elementor-widget-image-box\" data-id=\"5a39cae\" data-element_type=\"widget\" data-widget_type=\"image-box.default\">\n\t\t\t\t<div class=\"elementor-widget-container\">\n\t\t\t\t\t<div class=\"elementor-image-box-wrapper\"><figure class=\"elementor-image-box-img\"><img loading=\"lazy\" decoding=\"async\" width=\"640\" height=\"640\" src=\"https:\/\/e-uaem.mx\/portal02\/wp-content\/uploads\/2025\/04\/GaleriaVirtual.gif\" class=\"attachment-full size-full wp-image-1959\" alt=\"\" \/><\/figure><div class=\"elementor-image-box-content\"><h4 class=\"elementor-image-box-title\">Galer\u00eda virtual universitaria<\/h4><p class=\"elementor-image-box-description\">Espacio en l\u00ednea para la exposici\u00f3n de productos cient\u00edficos y art\u00edsticos por parte de la comunidad UAEM.<\/p><\/div><\/div>\t\t\t\t<\/div>\n\t\t\t\t<\/div>\n\t\t\t\t<div class=\"elementor-element elementor-element-fbd12d9 bento-item elementor-position-top elementor-widget elementor-widget-image-box\" data-id=\"fbd12d9\" data-element_type=\"widget\" data-widget_type=\"image-box.default\">\n\t\t\t\t<div class=\"elementor-widget-container\">\n\t\t\t\t\t<div class=\"elementor-image-box-wrapper\"><figure class=\"elementor-image-box-img\"><img loading=\"lazy\" decoding=\"async\" width=\"640\" height=\"640\" src=\"https:\/\/e-uaem.mx\/portal02\/wp-content\/uploads\/2025\/04\/Sala-profes-estudiantes.gif\" class=\"attachment-full size-full wp-image-1955\" alt=\"\" \/><\/figure><div class=\"elementor-image-box-content\"><h4 class=\"elementor-image-box-title\">Salas de profesores y estudiantes<\/h4><p class=\"elementor-image-box-description\">Espacios informativos y\/o de encuentro para docentes o estudiantes.<\/p><\/div><\/div>\t\t\t\t<\/div>\n\t\t\t\t<\/div>\n\t\t\t\t<div class=\"elementor-element elementor-element-8f8f5b0 bento-item elementor-position-top elementor-widget elementor-widget-image-box\" data-id=\"8f8f5b0\" data-element_type=\"widget\" data-widget_type=\"image-box.default\">\n\t\t\t\t<div class=\"elementor-widget-container\">\n\t\t\t\t\t<div class=\"elementor-image-box-wrapper\"><figure class=\"elementor-image-box-img\"><img loading=\"lazy\" decoding=\"async\" width=\"640\" height=\"640\" src=\"https:\/\/e-uaem.mx\/portal02\/wp-content\/uploads\/2025\/04\/EspaciosApoyo.gif\" class=\"attachment-full size-full wp-image-1951\" alt=\"\" \/><\/figure><div class=\"elementor-image-box-content\"><h4 class=\"elementor-image-box-title\">Espacios de apoyo para asignaturas presenciales<\/h4><p class=\"elementor-image-box-description\">Espacios que permiten a docentes entusiastas aprovechar las caracter\u00edsticas de Moodle para apoyar sus asignaturas presenciales.<\/p><\/div><\/div>\t\t\t\t<\/div>\n\t\t\t\t<\/div>\n\t\t\t\t<\/div>\n\t\t<div id=\"e-n-tab-content-2679680472\" role=\"tabpanel\" aria-labelledby=\"e-n-tab-title-2679680472\" data-tab-index=\"2\" style=\"--n-tabs-title-order: 2;\" class=\" elementor-element elementor-element-b14bf01 e-con-full e-grid e-con e-child\" data-id=\"b14bf01\" data-element_type=\"container\">\n\t\t\t\t<div class=\"elementor-element elementor-element-9aa38ca bento-item elementor-position-top elementor-widget elementor-widget-image-box\" data-id=\"9aa38ca\" data-element_type=\"widget\" data-widget_type=\"image-box.default\">\n\t\t\t\t<div class=\"elementor-widget-container\">\n\t\t\t\t\t<div class=\"elementor-image-box-wrapper\"><figure class=\"elementor-image-box-img\"><img loading=\"lazy\" decoding=\"async\" width=\"640\" height=\"640\" src=\"https:\/\/e-uaem.mx\/portal02\/wp-content\/uploads\/2025\/04\/nodo.gif\" class=\"attachment-full size-full wp-image-2009\" alt=\"\" \/><\/figure><div class=\"elementor-image-box-content\"><h4 class=\"elementor-image-box-title\">Centro de autoacceso<\/h4><p class=\"elementor-image-box-description\">Espacio con 30 computadoras con conexi\u00f3n a internet para uso individual o grupal con fines educativos, por ejemplo, realizar una tarea o impartir un curso de capacitaci\u00f3n.<\/p><\/div><\/div>\t\t\t\t<\/div>\n\t\t\t\t<\/div>\n\t\t\t\t<div class=\"elementor-element elementor-element-aeba737 bento-item elementor-position-top elementor-widget elementor-widget-image-box\" data-id=\"aeba737\" data-element_type=\"widget\" data-widget_type=\"image-box.default\">\n\t\t\t\t<div class=\"elementor-widget-container\">\n\t\t\t\t\t<div class=\"elementor-image-box-wrapper\"><figure class=\"elementor-image-box-img\"><img loading=\"lazy\" decoding=\"async\" width=\"640\" height=\"640\" src=\"https:\/\/e-uaem.mx\/portal02\/wp-content\/uploads\/2025\/04\/multimedia.gif\" class=\"attachment-full size-full wp-image-2008\" alt=\"\" \/><\/figure><div class=\"elementor-image-box-content\"><h4 class=\"elementor-image-box-title\">Sala multimedia<\/h4><p class=\"elementor-image-box-description\">Espacio multifuncional para todo tipo de actividades acad\u00e9micas. Cuenta con un equipo de videoconferencia, un equipo de captura de sesiones en video, un pizarr\u00f3n interactivo, dos pantallas planas: una fija y una m\u00f3vil, conexiones el\u00e9ctricas incorporadas al mobiliario y conectividad inal\u00e1mbrica.<\/p><\/div><\/div>\t\t\t\t<\/div>\n\t\t\t\t<\/div>\n\t\t\t\t<\/div>\n\t\t\t\t\t<\/div>\n\t\t<\/div>\n\t\t\t\t\t\t<\/div>\n\t\t\t\t<\/div>\n\t\t\t\t\t<\/div>\n\t\t\t\t<\/div>\n\t\t\t\t<\/div>\n\t\t","protected":false},"excerpt":{"rendered":"<p>e-UAEM tambi\u00e9n es conocido como el Espacio de Formaci\u00f3n Multimodal, pues representa un espacio que se extiende m\u00e1s all\u00e1 de<\/p>\n","protected":false},"author":1,"featured_media":0,"parent":0,"menu_order":0,"comment_status":"closed","ping_status":"closed","template":"","meta":{"colormag_page_container_layout":"default_layout","colormag_page_sidebar_layout":"default_layout","footnotes":""},"class_list":["post-1853","page","type-page","status-publish","hentry"],"magazineBlocksPostFeaturedMedia":{"thumbnail":false,"medium":false,"medium_large":false,"large":false,"1536x1536":false,"2048x2048":false,"colormag-highlighted-post":false,"colormag-featured-post-medium":false,"colormag-featured-post-small":false,"colormag-featured-image":false,"colormag-default-news":false,"colormag-featured-image-large":false,"colormag-elementor-block-extra-large-thumbnail":false,"colormag-elementor-grid-large-thumbnail":false,"colormag-elementor-grid-small-thumbnail":false,"colormag-elementor-grid-medium-large-thumbnail":false},"magazineBlocksPostAuthor":{"name":"euaem.admin","avatar":"https:\/\/secure.gravatar.com\/avatar\/db6bcfcf2c3ec6c3ae959fb3e8d51d17c93480fcd2e50154caa1c08ea5df6d96?s=96&d=mm&r=g"},"magazineBlocksPostCommentsNumber":false,"magazineBlocksPostExcerpt":"e-UAEM tambi\u00e9n es conocido como el Espacio de Formaci\u00f3n Multimodal, pues representa un espacio que se extiende m\u00e1s all\u00e1 de","magazineBlocksPostCategories":[],"magazineBlocksPostViewCount":0,"magazineBlocksPostReadTime":3,"_links":{"self":[{"href":"https:\/\/e-uaem.mx\/portal02\/index.php\/wp-json\/wp\/v2\/pages\/1853","targetHints":{"allow":["GET"]}}],"collection":[{"href":"https:\/\/e-uaem.mx\/portal02\/index.php\/wp-json\/wp\/v2\/pages"}],"about":[{"href":"https:\/\/e-uaem.mx\/portal02\/index.php\/wp-json\/wp\/v2\/types\/page"}],"author":[{"embeddable":true,"href":"https:\/\/e-uaem.mx\/portal02\/index.php\/wp-json\/wp\/v2\/users\/1"}],"replies":[{"embeddable":true,"href":"https:\/\/e-uaem.mx\/portal02\/index.php\/wp-json\/wp\/v2\/comments?post=1853"}],"version-history":[{"count":91,"href":"https:\/\/e-uaem.mx\/portal02\/index.php\/wp-json\/wp\/v2\/pages\/1853\/revisions"}],"predecessor-version":[{"id":2116,"href":"https:\/\/e-uaem.mx\/portal02\/index.php\/wp-json\/wp\/v2\/pages\/1853\/revisions\/2116"}],"wp:attachment":[{"href":"https:\/\/e-uaem.mx\/portal02\/index.php\/wp-json\/wp\/v2\/media?parent=1853"}],"curies":[{"name":"wp","href":"https:\/\/api.w.org\/{rel}","templated":true}]}}