{"id":2665,"date":"2025-10-17T16:19:56","date_gmt":"2025-10-17T16:19:56","guid":{"rendered":"http:\/\/e-uaem.mx\/portal02\/?page_id=2665"},"modified":"2025-10-20T18:52:43","modified_gmt":"2025-10-20T18:52:43","slug":"cultura-digital","status":"publish","type":"page","link":"https:\/\/e-uaem.mx\/portal02\/index.php\/cultura-digital\/","title":{"rendered":"Cultura Digital"},"content":{"rendered":"\t\t<div data-elementor-type=\"wp-page\" data-elementor-id=\"2665\" class=\"elementor elementor-2665\">\n\t\t\t\t<div class=\"elementor-element elementor-element-389407d e-flex e-con-boxed e-con e-parent\" data-id=\"389407d\" data-element_type=\"container\">\n\t\t\t\t\t<div class=\"e-con-inner\">\n\t\t\t\t<div class=\"elementor-element elementor-element-9569f5f elementor-widget elementor-widget-text-editor\" data-id=\"9569f5f\" data-element_type=\"widget\" data-widget_type=\"text-editor.default\">\n\t\t\t\t<div class=\"elementor-widget-container\">\n\t\t\t\t\t\t\t\t\t<div style=\"text-align: justify; font-size: 1.25em;\">La <strong>Cultura Digital<\/strong> es el conjunto de pr\u00e1cticas, costumbres, formas de pensar y de interactuar que han surgido como resultado de la integraci\u00f3n de las tecnolog\u00edas digitales en la vida cotidiana, el trabajo, la educaci\u00f3n y el entretenimiento. No se trata solo de <em>usar<\/em> la tecnolog\u00eda, sino de c\u00f3mo esta ha transformado nuestra manera de ser, relacionarnos y entender el mundo.<\/div><p>\u00a0<\/p>\t\t\t\t\t\t\t\t<\/div>\n\t\t\t\t<\/div>\n\t\t\t\t\t<\/div>\n\t\t\t\t<\/div>\n\t\t<div class=\"elementor-element elementor-element-7638ed0 e-flex e-con-boxed e-con e-parent\" data-id=\"7638ed0\" data-element_type=\"container\">\n\t\t\t\t\t<div class=\"e-con-inner\">\n\t\t\t\t<div class=\"elementor-element elementor-element-8542879 elementor-widget elementor-widget-heading\" data-id=\"8542879\" data-element_type=\"widget\" data-widget_type=\"heading.default\">\n\t\t\t\t<div class=\"elementor-widget-container\">\n\t\t\t\t\t<h2 class=\"elementor-heading-title elementor-size-default\">MOOC<\/h2>\t\t\t\t<\/div>\n\t\t\t\t<\/div>\n\t\t\t\t\t<\/div>\n\t\t\t\t<\/div>\n\t\t<div class=\"elementor-element elementor-element-6807a42 e-grid e-con-boxed e-con e-parent\" data-id=\"6807a42\" data-element_type=\"container\">\n\t\t\t\t\t<div class=\"e-con-inner\">\n\t\t\t\t<div class=\"elementor-element elementor-element-595379b bento-item elementor-position-top elementor-widget elementor-widget-image-box\" data-id=\"595379b\" data-element_type=\"widget\" data-widget_type=\"image-box.default\">\n\t\t\t\t<div class=\"elementor-widget-container\">\n\t\t\t\t\t<div class=\"elementor-image-box-wrapper\"><figure class=\"elementor-image-box-img\"><img loading=\"lazy\" decoding=\"async\" width=\"800\" height=\"450\" src=\"https:\/\/e-uaem.mx\/portal02\/wp-content\/uploads\/2025\/10\/FullHD-1024x576.png\" class=\"attachment-large size-large wp-image-2680\" alt=\"\" srcset=\"https:\/\/e-uaem.mx\/portal02\/wp-content\/uploads\/2025\/10\/FullHD-1024x576.png 1024w, https:\/\/e-uaem.mx\/portal02\/wp-content\/uploads\/2025\/10\/FullHD-300x169.png 300w, https:\/\/e-uaem.mx\/portal02\/wp-content\/uploads\/2025\/10\/FullHD-768x432.png 768w, https:\/\/e-uaem.mx\/portal02\/wp-content\/uploads\/2025\/10\/FullHD-1536x864.png 1536w, https:\/\/e-uaem.mx\/portal02\/wp-content\/uploads\/2025\/10\/FullHD.png 1921w\" sizes=\"auto, (max-width: 800px) 100vw, 800px\" \/><\/figure><div class=\"elementor-image-box-content\"><h2 class=\"elementor-image-box-title\">B\u00fasqueda en Internet para Universitarios - BIUx<\/h2><p class=\"elementor-image-box-description\"><div>\n<a href=\"https:\/\/cursos.aprende.gob.mx\/\" class=\"boton-enlace\">\n      M\u00e1s informaci\u00f3n\n    <\/a>\n<\/div><\/p><\/div><\/div>\t\t\t\t<\/div>\n\t\t\t\t<\/div>\n\t\t\t\t<div class=\"elementor-element elementor-element-ee95c28 bento-item elementor-position-top elementor-widget elementor-widget-image-box\" data-id=\"ee95c28\" data-element_type=\"widget\" data-widget_type=\"image-box.default\">\n\t\t\t\t<div class=\"elementor-widget-container\">\n\t\t\t\t\t<div class=\"elementor-image-box-wrapper\"><figure class=\"elementor-image-box-img\"><img loading=\"lazy\" decoding=\"async\" width=\"1921\" height=\"1080\" src=\"https:\/\/e-uaem.mx\/portal02\/wp-content\/uploads\/2025\/10\/Curad-25-1920x1080-2.png\" class=\"attachment-full size-full wp-image-2739\" alt=\"\" srcset=\"https:\/\/e-uaem.mx\/portal02\/wp-content\/uploads\/2025\/10\/Curad-25-1920x1080-2.png 1921w, https:\/\/e-uaem.mx\/portal02\/wp-content\/uploads\/2025\/10\/Curad-25-1920x1080-2-300x169.png 300w, https:\/\/e-uaem.mx\/portal02\/wp-content\/uploads\/2025\/10\/Curad-25-1920x1080-2-1024x576.png 1024w, https:\/\/e-uaem.mx\/portal02\/wp-content\/uploads\/2025\/10\/Curad-25-1920x1080-2-768x432.png 768w, https:\/\/e-uaem.mx\/portal02\/wp-content\/uploads\/2025\/10\/Curad-25-1920x1080-2-1536x864.png 1536w\" sizes=\"auto, (max-width: 1921px) 100vw, 1921px\" \/><\/figure><div class=\"elementor-image-box-content\"><h2 class=\"elementor-image-box-title\">Curadur\u00eda de Recursos Educativos en L\u00ednea<\/h2><p class=\"elementor-image-box-description\"><div>\n<a href=\"https:\/\/cursos.aprende.gob.mx\/\" class=\"boton-enlace\">\n      M\u00e1s informaci\u00f3n\n    <\/a>\n<\/div><\/p><\/div><\/div>\t\t\t\t<\/div>\n\t\t\t\t<\/div>\n\t\t\t\t<div class=\"elementor-element elementor-element-6d5272f bento-item elementor-position-top elementor-widget elementor-widget-image-box\" data-id=\"6d5272f\" data-element_type=\"widget\" data-widget_type=\"image-box.default\">\n\t\t\t\t<div class=\"elementor-widget-container\">\n\t\t\t\t\t<div class=\"elementor-image-box-wrapper\"><figure class=\"elementor-image-box-img\"><img loading=\"lazy\" decoding=\"async\" width=\"1920\" height=\"1080\" src=\"https:\/\/e-uaem.mx\/portal02\/wp-content\/uploads\/2025\/10\/Narra-25-Carrusel1.png\" class=\"attachment-full size-full wp-image-2732\" alt=\"\" srcset=\"https:\/\/e-uaem.mx\/portal02\/wp-content\/uploads\/2025\/10\/Narra-25-Carrusel1.png 1920w, https:\/\/e-uaem.mx\/portal02\/wp-content\/uploads\/2025\/10\/Narra-25-Carrusel1-300x169.png 300w, https:\/\/e-uaem.mx\/portal02\/wp-content\/uploads\/2025\/10\/Narra-25-Carrusel1-1024x576.png 1024w, https:\/\/e-uaem.mx\/portal02\/wp-content\/uploads\/2025\/10\/Narra-25-Carrusel1-768x432.png 768w, https:\/\/e-uaem.mx\/portal02\/wp-content\/uploads\/2025\/10\/Narra-25-Carrusel1-1536x864.png 1536w\" sizes=\"auto, (max-width: 1920px) 100vw, 1920px\" \/><\/figure><div class=\"elementor-image-box-content\"><h2 class=\"elementor-image-box-title\">Taller de Narrativa Digital<\/h2><p class=\"elementor-image-box-description\"><div>\n<a href=\"https:\/\/cursos.aprende.gob.mx\/\" class=\"boton-enlace\">\n      M\u00e1s informaci\u00f3n\n    <\/a>\n<\/div><\/p><\/div><\/div>\t\t\t\t<\/div>\n\t\t\t\t<\/div>\n\t\t\t\t<div class=\"elementor-element elementor-element-6e508b8 bento-item elementor-position-top elementor-widget elementor-widget-image-box\" data-id=\"6e508b8\" data-element_type=\"widget\" data-widget_type=\"image-box.default\">\n\t\t\t\t<div class=\"elementor-widget-container\">\n\t\t\t\t\t<div class=\"elementor-image-box-wrapper\"><figure class=\"elementor-image-box-img\"><img loading=\"lazy\" decoding=\"async\" width=\"1400\" height=\"600\" src=\"https:\/\/e-uaem.mx\/portal02\/wp-content\/uploads\/2025\/10\/AMI-25-Inscribete-1400x600-1.png\" class=\"attachment-full size-full wp-image-2740\" alt=\"\" srcset=\"https:\/\/e-uaem.mx\/portal02\/wp-content\/uploads\/2025\/10\/AMI-25-Inscribete-1400x600-1.png 1400w, https:\/\/e-uaem.mx\/portal02\/wp-content\/uploads\/2025\/10\/AMI-25-Inscribete-1400x600-1-300x129.png 300w, https:\/\/e-uaem.mx\/portal02\/wp-content\/uploads\/2025\/10\/AMI-25-Inscribete-1400x600-1-1024x439.png 1024w, https:\/\/e-uaem.mx\/portal02\/wp-content\/uploads\/2025\/10\/AMI-25-Inscribete-1400x600-1-768x329.png 768w\" sizes=\"auto, (max-width: 1400px) 100vw, 1400px\" \/><\/figure><div class=\"elementor-image-box-content\"><h2 class=\"elementor-image-box-title\">Alfabetizaci\u00f3n Medi\u00e1tica e Informacional<\/h2><p class=\"elementor-image-box-description\"><div>\n<a href=\"https:\/\/cursos.aprende.gob.mx\/\" class=\"boton-enlace\">\n      M\u00e1s informaci\u00f3n\n    <\/a>\n<\/div><\/p><\/div><\/div>\t\t\t\t<\/div>\n\t\t\t\t<\/div>\n\t\t\t\t\t<\/div>\n\t\t\t\t<\/div>\n\t\t<div class=\"elementor-element elementor-element-dee2421 e-flex e-con-boxed e-con e-parent\" data-id=\"dee2421\" data-element_type=\"container\">\n\t\t\t\t\t<div class=\"e-con-inner\">\n\t\t\t\t\t<\/div>\n\t\t\t\t<\/div>\n\t\t<div class=\"elementor-element elementor-element-1cbaa15 e-flex e-con-boxed e-con e-parent\" data-id=\"1cbaa15\" data-element_type=\"container\">\n\t\t\t\t\t<div class=\"e-con-inner\">\n\t\t\t\t<div class=\"elementor-element elementor-element-437173f elementor-widget elementor-widget-heading\" data-id=\"437173f\" data-element_type=\"widget\" data-widget_type=\"heading.default\">\n\t\t\t\t<div class=\"elementor-widget-container\">\n\t\t\t\t\t<h2 class=\"elementor-heading-title elementor-size-default\">NOOC<\/h2>\t\t\t\t<\/div>\n\t\t\t\t<\/div>\n\t\t\t\t\t<\/div>\n\t\t\t\t<\/div>\n\t\t<div class=\"elementor-element elementor-element-f94d141 e-grid e-con-boxed e-con e-parent\" data-id=\"f94d141\" data-element_type=\"container\">\n\t\t\t\t\t<div class=\"e-con-inner\">\n\t\t\t\t<div class=\"elementor-element elementor-element-d741e56 bento-item elementor-position-top elementor-widget elementor-widget-image-box\" data-id=\"d741e56\" data-element_type=\"widget\" data-widget_type=\"image-box.default\">\n\t\t\t\t<div class=\"elementor-widget-container\">\n\t\t\t\t\t<div class=\"elementor-image-box-wrapper\"><figure class=\"elementor-image-box-img\"><img loading=\"lazy\" decoding=\"async\" width=\"800\" height=\"390\" src=\"https:\/\/e-uaem.mx\/portal02\/wp-content\/uploads\/2025\/10\/PodcastFull-1024x499.png\" class=\"attachment-large size-large wp-image-2742\" alt=\"\" srcset=\"https:\/\/e-uaem.mx\/portal02\/wp-content\/uploads\/2025\/10\/PodcastFull-1024x499.png 1024w, https:\/\/e-uaem.mx\/portal02\/wp-content\/uploads\/2025\/10\/PodcastFull-300x146.png 300w, https:\/\/e-uaem.mx\/portal02\/wp-content\/uploads\/2025\/10\/PodcastFull-768x374.png 768w, https:\/\/e-uaem.mx\/portal02\/wp-content\/uploads\/2025\/10\/PodcastFull-1536x748.png 1536w, https:\/\/e-uaem.mx\/portal02\/wp-content\/uploads\/2025\/10\/PodcastFull.png 1693w\" sizes=\"auto, (max-width: 800px) 100vw, 800px\" \/><\/figure><div class=\"elementor-image-box-content\"><h3 class=\"elementor-image-box-title\">Usos educativos del podcast<\/h3><p class=\"elementor-image-box-description\"><div>\n<a href=\"https:\/\/cursosabiertos.uaem.mx\/\" class=\"boton-enlace\">\n      M\u00e1s informaci\u00f3n\n    <\/a>\n<\/div><\/p><\/div><\/div>\t\t\t\t<\/div>\n\t\t\t\t<\/div>\n\t\t\t\t<div class=\"elementor-element elementor-element-557ac53 bento-item elementor-position-top elementor-widget elementor-widget-image-box\" data-id=\"557ac53\" data-element_type=\"widget\" data-widget_type=\"image-box.default\">\n\t\t\t\t<div class=\"elementor-widget-container\">\n\t\t\t\t\t<div class=\"elementor-image-box-wrapper\"><figure class=\"elementor-image-box-img\"><img loading=\"lazy\" decoding=\"async\" width=\"800\" height=\"390\" src=\"https:\/\/e-uaem.mx\/portal02\/wp-content\/uploads\/2025\/10\/Banner-Herramienntas-digitales-Tutoria-1024x499.png\" class=\"attachment-large size-large wp-image-2743\" alt=\"\" srcset=\"https:\/\/e-uaem.mx\/portal02\/wp-content\/uploads\/2025\/10\/Banner-Herramienntas-digitales-Tutoria-1024x499.png 1024w, https:\/\/e-uaem.mx\/portal02\/wp-content\/uploads\/2025\/10\/Banner-Herramienntas-digitales-Tutoria-300x146.png 300w, https:\/\/e-uaem.mx\/portal02\/wp-content\/uploads\/2025\/10\/Banner-Herramienntas-digitales-Tutoria-768x374.png 768w, https:\/\/e-uaem.mx\/portal02\/wp-content\/uploads\/2025\/10\/Banner-Herramienntas-digitales-Tutoria-1536x748.png 1536w, https:\/\/e-uaem.mx\/portal02\/wp-content\/uploads\/2025\/10\/Banner-Herramienntas-digitales-Tutoria-2048x998.png 2048w\" sizes=\"auto, (max-width: 800px) 100vw, 800px\" \/><\/figure><div class=\"elementor-image-box-content\"><h3 class=\"elementor-image-box-title\">Herramientas y estrategias digitales para la Tutor\u00eda<\/h3><p class=\"elementor-image-box-description\"><div>\n<a href=\"https:\/\/cursosabiertos.uaem.mx\/\" class=\"boton-enlace\">\n      M\u00e1s informaci\u00f3n\n    <\/a>\n<\/div><\/p><\/div><\/div>\t\t\t\t<\/div>\n\t\t\t\t<\/div>\n\t\t\t\t<div class=\"elementor-element elementor-element-360fe76 bento-item elementor-position-top elementor-widget elementor-widget-image-box\" data-id=\"360fe76\" data-element_type=\"widget\" data-widget_type=\"image-box.default\">\n\t\t\t\t<div class=\"elementor-widget-container\">\n\t\t\t\t\t<div class=\"elementor-image-box-wrapper\"><figure class=\"elementor-image-box-img\"><img loading=\"lazy\" decoding=\"async\" width=\"2483\" height=\"2560\" src=\"https:\/\/e-uaem.mx\/portal02\/wp-content\/uploads\/2025\/10\/LINS-01-scaled.png\" class=\"attachment-full size-full wp-image-2747\" alt=\"\" srcset=\"https:\/\/e-uaem.mx\/portal02\/wp-content\/uploads\/2025\/10\/LINS-01-scaled.png 2483w, https:\/\/e-uaem.mx\/portal02\/wp-content\/uploads\/2025\/10\/LINS-01-291x300.png 291w, https:\/\/e-uaem.mx\/portal02\/wp-content\/uploads\/2025\/10\/LINS-01-993x1024.png 993w, https:\/\/e-uaem.mx\/portal02\/wp-content\/uploads\/2025\/10\/LINS-01-768x792.png 768w, https:\/\/e-uaem.mx\/portal02\/wp-content\/uploads\/2025\/10\/LINS-01-1490x1536.png 1490w, https:\/\/e-uaem.mx\/portal02\/wp-content\/uploads\/2025\/10\/LINS-01-1987x2048.png 1987w\" sizes=\"auto, (max-width: 2483px) 100vw, 2483px\" \/><\/figure><div class=\"elementor-image-box-content\"><h3 class=\"elementor-image-box-title\">Lenguaje Incluyente y No Sexista<\/h3><p class=\"elementor-image-box-description\"><div>\n<a href=\"https:\/\/cursosabiertos.uaem.mx\/\" class=\"boton-enlace\">\n      M\u00e1s informaci\u00f3n\n    <\/a>\n<\/div><\/p><\/div><\/div>\t\t\t\t<\/div>\n\t\t\t\t<\/div>\n\t\t\t\t<div class=\"elementor-element elementor-element-7804601 bento-item elementor-position-top elementor-widget elementor-widget-image-box\" data-id=\"7804601\" data-element_type=\"widget\" data-widget_type=\"image-box.default\">\n\t\t\t\t<div class=\"elementor-widget-container\">\n\t\t\t\t\t<div class=\"elementor-image-box-wrapper\"><figure class=\"elementor-image-box-img\"><img loading=\"lazy\" decoding=\"async\" width=\"1693\" height=\"825\" src=\"https:\/\/e-uaem.mx\/portal02\/wp-content\/uploads\/2025\/10\/OrganizadoresFull-rize.png\" class=\"attachment-full size-full wp-image-2752\" alt=\"\" srcset=\"https:\/\/e-uaem.mx\/portal02\/wp-content\/uploads\/2025\/10\/OrganizadoresFull-rize.png 1693w, https:\/\/e-uaem.mx\/portal02\/wp-content\/uploads\/2025\/10\/OrganizadoresFull-rize-300x146.png 300w, https:\/\/e-uaem.mx\/portal02\/wp-content\/uploads\/2025\/10\/OrganizadoresFull-rize-1024x499.png 1024w, https:\/\/e-uaem.mx\/portal02\/wp-content\/uploads\/2025\/10\/OrganizadoresFull-rize-768x374.png 768w, https:\/\/e-uaem.mx\/portal02\/wp-content\/uploads\/2025\/10\/OrganizadoresFull-rize-1536x748.png 1536w\" sizes=\"auto, (max-width: 1693px) 100vw, 1693px\" \/><\/figure><div class=\"elementor-image-box-content\"><h3 class=\"elementor-image-box-title\">Organizadores gr\u00e1ficos para el aprendizaje<\/h3><p class=\"elementor-image-box-description\"><div>\n<a href=\"https:\/\/cursosabiertos.uaem.mx\/\" class=\"boton-enlace\">\n      M\u00e1s informaci\u00f3n\n    <\/a>\n<\/div><\/p><\/div><\/div>\t\t\t\t<\/div>\n\t\t\t\t<\/div>\n\t\t\t\t\t<\/div>\n\t\t\t\t<\/div>\n\t\t\t\t<\/div>\n\t\t","protected":false},"excerpt":{"rendered":"<p>La Cultura Digital es el conjunto de pr\u00e1cticas, costumbres, formas de pensar y de interactuar que han surgido como resultado<\/p>\n","protected":false},"author":1,"featured_media":0,"parent":0,"menu_order":0,"comment_status":"closed","ping_status":"closed","template":"","meta":{"colormag_page_container_layout":"default_layout","colormag_page_sidebar_layout":"default_layout","footnotes":""},"class_list":["post-2665","page","type-page","status-publish","hentry"],"magazineBlocksPostFeaturedMedia":{"thumbnail":false,"medium":false,"medium_large":false,"large":false,"1536x1536":false,"2048x2048":false,"colormag-highlighted-post":false,"colormag-featured-post-medium":false,"colormag-featured-post-small":false,"colormag-featured-image":false,"colormag-default-news":false,"colormag-featured-image-large":false,"colormag-elementor-block-extra-large-thumbnail":false,"colormag-elementor-grid-large-thumbnail":false,"colormag-elementor-grid-small-thumbnail":false,"colormag-elementor-grid-medium-large-thumbnail":false},"magazineBlocksPostAuthor":{"name":"euaem.admin","avatar":"https:\/\/secure.gravatar.com\/avatar\/db6bcfcf2c3ec6c3ae959fb3e8d51d17c93480fcd2e50154caa1c08ea5df6d96?s=96&d=mm&r=g"},"magazineBlocksPostCommentsNumber":false,"magazineBlocksPostExcerpt":"La Cultura Digital es el conjunto de pr\u00e1cticas, costumbres, formas de pensar y de interactuar que han surgido como resultado","magazineBlocksPostCategories":[],"magazineBlocksPostViewCount":0,"magazineBlocksPostReadTime":1,"_links":{"self":[{"href":"https:\/\/e-uaem.mx\/portal02\/index.php\/wp-json\/wp\/v2\/pages\/2665","targetHints":{"allow":["GET"]}}],"collection":[{"href":"https:\/\/e-uaem.mx\/portal02\/index.php\/wp-json\/wp\/v2\/pages"}],"about":[{"href":"https:\/\/e-uaem.mx\/portal02\/index.php\/wp-json\/wp\/v2\/types\/page"}],"author":[{"embeddable":true,"href":"https:\/\/e-uaem.mx\/portal02\/index.php\/wp-json\/wp\/v2\/users\/1"}],"replies":[{"embeddable":true,"href":"https:\/\/e-uaem.mx\/portal02\/index.php\/wp-json\/wp\/v2\/comments?post=2665"}],"version-history":[{"count":91,"href":"https:\/\/e-uaem.mx\/portal02\/index.php\/wp-json\/wp\/v2\/pages\/2665\/revisions"}],"predecessor-version":[{"id":2911,"href":"https:\/\/e-uaem.mx\/portal02\/index.php\/wp-json\/wp\/v2\/pages\/2665\/revisions\/2911"}],"wp:attachment":[{"href":"https:\/\/e-uaem.mx\/portal02\/index.php\/wp-json\/wp\/v2\/media?parent=2665"}],"curies":[{"name":"wp","href":"https:\/\/api.w.org\/{rel}","templated":true}]}}